{"id":437,"date":"2023-11-09T10:56:56","date_gmt":"2023-11-09T16:56:56","guid":{"rendered":"https:\/\/waylessweightloss.com\/?page_id=437"},"modified":"2024-03-03T12:59:20","modified_gmt":"2024-03-03T18:59:20","slug":"exploracion-tridimensional-de-grasa-corporal","status":"publish","type":"page","link":"https:\/\/waylessweightloss.com\/es\/exploracion-tridimensional-de-grasa-corporal\/","title":{"rendered":"Exploraci\u00f3n Tridimensional de Grasa Corporal"},"content":{"rendered":"<p>[et_pb_section fb_built=\u00bb1&#8243; next_background_color=\u00bb#FFFFFF\u00bb admin_label=\u00bbHeader\u00bb _builder_version=\u00bb4.23.1&#8243; _module_preset=\u00bbdefault\u00bb background_color=\u00bb#eff4fd\u00bb custom_margin=\u00bb||||false|false\u00bb custom_padding=\u00bb32px||||false|false\u00bb bottom_divider_style=\u00bbarrow2&#8243; locked=\u00bboff\u00bb global_colors_info=\u00bb{}\u00bb][et_pb_row column_structure=\u00bb2_5,3_5&#8243; _builder_version=\u00bb4.23.1&#8243; _module_preset=\u00bbdefault\u00bb custom_margin=\u00bb0px||||false|false\u00bb custom_margin_tablet=\u00bb||0px||false|false\u00bb custom_margin_phone=\u00bb\u00bb custom_margin_last_edited=\u00bbon|phone\u00bb custom_padding=\u00bb0px||20px||false|false\u00bb locked=\u00bboff\u00bb global_colors_info=\u00bb{}\u00bb][et_pb_column type=\u00bb2_5&#8243; _builder_version=\u00bb4.16&#8243; _module_preset=\u00bbdefault\u00bb custom_padding=\u00bb6%||||false|false\u00bb global_colors_info=\u00bb{}\u00bb][et_pb_text _builder_version=\u00bb4.24.2&#8243; _module_preset=\u00bbdefault\u00bb header_font=\u00bbRozha One R||||||||\u00bb header_text_color=\u00bb#003E51&#8243; header_font_size=\u00bb65px\u00bb header_line_height=\u00bb1.1em\u00bb header_2_font=\u00bbRoboto|700||on|||||\u00bb header_2_text_color=\u00bbrgba(44,44,44,0.5)\u00bb header_2_font_size=\u00bb12px\u00bb header_2_letter_spacing=\u00bb1px\u00bb header_2_line_height=\u00bb1.3em\u00bb custom_margin=\u00bb0px||0px||false|false\u00bb custom_padding=\u00bb0px||0px||false|false\u00bb text_font_size_tablet=\u00bb\u00bb text_font_size_phone=\u00bb\u00bb text_font_size_last_edited=\u00bbon|desktop\u00bb header_font_size_tablet=\u00bb44px\u00bb header_font_size_phone=\u00bb32px\u00bb header_font_size_last_edited=\u00bbon|phone\u00bb global_colors_info=\u00bb{}\u00bb]<\/p>\n<h1><span>Escaner <span style=\"color: #ff7753;\">3D<\/span> de Grasa <span style=\"color: #332fd0;\">Corporal<\/span><\/span><\/h1>\n<p>[\/et_pb_text][et_pb_text _builder_version=\u00bb4.24.2&#8243; _module_preset=\u00bbfb3d65bf-a8b3-4897-95f4-4b2325e4d896&#8243; text_font=\u00bb||||||||\u00bb text_text_color=\u00bb#052F3F\u00bb text_font_size=\u00bb19px\u00bb text_line_height=\u00bb1.8em\u00bb link_text_color=\u00bb#003E51&#8243; text_font_size_tablet=\u00bb\u00bb text_font_size_phone=\u00bb\u00bb text_font_size_last_edited=\u00bbon|desktop\u00bb global_colors_info=\u00bb{}\u00bb]<\/p>\n<p><span>Una Evaluaci\u00f3n Precisa de la Composici\u00f3n de Grasa Corporal utilizando c\u00e1maras infrarrojas, sensores y inteligencia artificial proporciona una vista segura de 360 grados de tu cuerpo sin radiaci\u00f3n. Fit3D utiliza algoritmos avanzados de inteligencia artificial para calcular tu composici\u00f3n corporal.<\/span><\/p>\n<p>[\/et_pb_text][\/et_pb_column][et_pb_column type=\u00bb3_5&#8243; _builder_version=\u00bb4.16&#8243; _module_preset=\u00bbdefault\u00bb global_colors_info=\u00bb{}\u00bb][et_pb_image src=\u00bbhttps:\/\/waylessweightloss.com\/wp-content\/uploads\/sites\/3\/2023\/11\/3D-body-fat-muscle-scaner-body-fat-percentage.png\u00bb alt=\u00bb3D body fat muscle scanner\u00bb title_text=\u00bb3D body fat muscle scanner\u00bb show_bottom_space=\u00bboff\u00bb _builder_version=\u00bb4.23.1&#8243; _module_preset=\u00bbdefault\u00bb width=\u00bb100%\u00bb max_width=\u00bb100%\u00bb module_alignment=\u00bbright\u00bb custom_margin=\u00bb||||false|false\u00bb custom_padding=\u00bb||88px||false|false\u00bb global_colors_info=\u00bb{}\u00bb][\/et_pb_image][\/et_pb_column][\/et_pb_row][\/et_pb_section][et_pb_section fb_built=\u00bb1&#8243; admin_label=\u00bbServices\u00bb _builder_version=\u00bb4.23.1&#8243; _module_preset=\u00bbdefault\u00bb background_color=\u00bb#FFFFFF\u00bb custom_margin=\u00bb||-11px|||\u00bb custom_padding=\u00bb23px||12px|||\u00bb global_colors_info=\u00bb{}\u00bb][et_pb_row _builder_version=\u00bb4.23.1&#8243; _module_preset=\u00bbdefault\u00bb global_colors_info=\u00bb{}\u00bb][et_pb_column type=\u00bb4_4&#8243; _builder_version=\u00bb4.23.1&#8243; _module_preset=\u00bbdefault\u00bb global_colors_info=\u00bb{}\u00bb][et_pb_text admin_label=\u00bbText\u00bb _builder_version=\u00bb4.24.2&#8243; _module_preset=\u00bbdefault\u00bb header_2_font=\u00bb|700|||||||\u00bb header_2_text_align=\u00bbcenter\u00bb header_2_font_size=\u00bb31px\u00bb global_colors_info=\u00bb{}\u00bb]<\/p>\n<h2><span>Descubre tu Cuerpo: Informaci\u00f3n Precisa con Nuestro Esc\u00e1ner 3D<\/span><\/h2>\n<p>[\/et_pb_text][\/et_pb_column][\/et_pb_row][\/et_pb_section][et_pb_section fb_built=\u00bb1&#8243; admin_label=\u00bbFeature\u00bb _builder_version=\u00bb4.23.1&#8243; _module_preset=\u00bbdefault\u00bb background_color=\u00bb#EBF1FC\u00bb use_background_color_gradient=\u00bbon\u00bb background_color_gradient_direction=\u00bb90deg\u00bb background_color_gradient_stops=\u00bbrgba(0,0,0,0.08) 30%|rgba(0,0,0,0) 30%\u00bb background_color_gradient_start=\u00bbrgba(0,0,0,0.08)\u00bb background_color_gradient_start_position=\u00bb30%\u00bb background_color_gradient_end=\u00bbrgba(0,0,0,0)\u00bb background_color_gradient_end_position=\u00bb30%\u00bb custom_padding=\u00bb8vw||||false|false\u00bb top_divider_style=\u00bbarrow2&#8243; top_divider_color=\u00bb#FFFFFF\u00bb top_divider_height=\u00bb90px\u00bb locked=\u00bboff\u00bb global_colors_info=\u00bb{}\u00bb][et_pb_row column_structure=\u00bb1_2,1_2&#8243; _builder_version=\u00bb4.16&#8243; _module_preset=\u00bbdefault\u00bb locked=\u00bboff\u00bb global_colors_info=\u00bb{}\u00bb][et_pb_column type=\u00bb1_2&#8243; _builder_version=\u00bb4.16&#8243; _module_preset=\u00bbdefault\u00bb global_colors_info=\u00bb{}\u00bb][et_pb_image src=\u00bbhttps:\/\/waylessweightloss.com\/wp-content\/uploads\/sites\/3\/2023\/11\/3D-body-fat-muscle-scaner-body-shape.gif\u00bb alt=\u00bbworkout program for weight loss\u00bb title_text=\u00bb3D-body-fat-muscle-scaner-body-shape\u00bb align_tablet=\u00bb\u00bb align_phone=\u00bbcenter\u00bb align_last_edited=\u00bbon|phone\u00bb _builder_version=\u00bb4.23.1&#8243; _module_preset=\u00bbdefault\u00bb background_enable_color=\u00bboff\u00bb width=\u00bb100%\u00bb width_tablet=\u00bb50%\u00bb width_last_edited=\u00bboff|phone\u00bb custom_margin=\u00bb||0px||false|false\u00bb custom_margin_phone=\u00bb|||-100px|false|false\u00bb custom_margin_last_edited=\u00bboff|desktop\u00bb scroll_vertical_motion=\u00bb0|50|50|100|0.5|0|-0.5&#8243; border_radii=\u00bboff||||\u00bb global_colors_info=\u00bb{}\u00bb][\/et_pb_image][et_pb_image src=\u00bbhttps:\/\/waylessweightloss.com\/wp-content\/uploads\/sites\/3\/2023\/11\/6345f28ba7db0c6e04e460de_square-image2.png\u00bb alt=\u00bbworkout program for weight loss\u00bb title_text=\u00bb6345f28ba7db0c6e04e460de_square-image2&#8243; align=\u00bbright\u00bb align_tablet=\u00bbcenter\u00bb align_last_edited=\u00bboff|desktop\u00bb disabled_on=\u00bbon|off|off\u00bb _builder_version=\u00bb4.23.1&#8243; _module_preset=\u00bbdefault\u00bb positioning=\u00bbrelative\u00bb position_origin_a=\u00bbbottom_right\u00bb width=\u00bb100%\u00bb width_tablet=\u00bb45%\u00bb width_phone=\u00bb70%\u00bb width_last_edited=\u00bboff|desktop\u00bb custom_margin=\u00bb100px||||false|false\u00bb custom_margin_phone=\u00bb-120px|||80px|false|false\u00bb custom_margin_last_edited=\u00bboff|desktop\u00bb scroll_vertical_motion=\u00bb0|50|50|100|1|0|-1&#8243; border_radii=\u00bboff||||\u00bb global_colors_info=\u00bb{}\u00bb][\/et_pb_image][et_pb_image src=\u00bbhttps:\/\/waylessweightloss.com\/es\/wp-content\/uploads\/sites\/3\/2023\/11\/3D-body-fat-muscle-scaner.png\u00bb alt=\u00bb3D body fat muscle scanner\u00bb title_text=\u00bb3D body fat muscle scanner\u00bb align_tablet=\u00bbcenter\u00bb align_last_edited=\u00bboff|desktop\u00bb disabled_on=\u00bbon|off|off\u00bb _builder_version=\u00bb4.24.2&#8243; _module_preset=\u00bbdefault\u00bb positioning=\u00bbrelative\u00bb position_origin_a=\u00bbbottom_right\u00bb width=\u00bb96%\u00bb width_tablet=\u00bb45%\u00bb width_phone=\u00bb70%\u00bb width_last_edited=\u00bboff|desktop\u00bb custom_margin=\u00bb100px||||false|false\u00bb custom_margin_phone=\u00bb-120px|||80px|false|false\u00bb custom_margin_last_edited=\u00bboff|desktop\u00bb scroll_vertical_motion=\u00bb0|50|50|100|1|0|-1&#8243; hover_enabled=\u00bb0&#8243; border_radii=\u00bboff||||\u00bb global_colors_info=\u00bb{}\u00bb sticky_enabled=\u00bb0&#8243;][\/et_pb_image][et_pb_image src=\u00bbhttps:\/\/waylessweightloss.com\/wp-content\/uploads\/sites\/3\/2023\/09\/telehealth-34.png\u00bb title_text=\u00bbtelehealth-34&#8243; align_tablet=\u00bbleft\u00bb align_last_edited=\u00bboff|desktop\u00bb _builder_version=\u00bb4.23.1&#8243; _module_preset=\u00bbdefault\u00bb positioning=\u00bbabsolute\u00bb position_origin_a=\u00bbbottom_right\u00bb vertical_offset=\u00bb-4%\u00bb horizontal_offset=\u00bb-13%\u00bb width=\u00bb32%\u00bb scroll_rotating_enable=\u00bbon\u00bb scroll_rotating=\u00bb0|50|50|100|30\u00b0|0|-30\u00b0\u00bb motion_trigger_start=\u00bbtop\u00bb locked=\u00bboff\u00bb global_colors_info=\u00bb{}\u00bb][\/et_pb_image][et_pb_image src=\u00bbhttps:\/\/waylessweightloss.com\/wp-content\/uploads\/sites\/3\/2023\/09\/telehealth-28.png\u00bb title_text=\u00bbtelehealth-28&#8243; align_tablet=\u00bbleft\u00bb align_phone=\u00bbright\u00bb align_last_edited=\u00bbon|phone\u00bb _builder_version=\u00bb4.23.1&#8243; _module_preset=\u00bbdefault\u00bb positioning=\u00bbabsolute\u00bb horizontal_offset=\u00bb-26%\u00bb width=\u00bb21%\u00bb width_tablet=\u00bb50%\u00bb width_phone=\u00bb30%\u00bb width_last_edited=\u00bboff|desktop\u00bb scroll_rotating_enable=\u00bbon\u00bb scroll_rotating=\u00bb0|50|50|100|20\u00b0|15\u00b0|-50\u00b0\u00bb motion_trigger_start=\u00bbbottom\u00bb global_colors_info=\u00bb{}\u00bb][\/et_pb_image][\/et_pb_column][et_pb_column type=\u00bb1_2&#8243; _builder_version=\u00bb4.16&#8243; _module_preset=\u00bbdefault\u00bb global_colors_info=\u00bb{}\u00bb][et_pb_text _builder_version=\u00bb4.24.2&#8243; _module_preset=\u00bb1da4c4f2-8e53-4788-a9f5-4d073216150a\u00bb header_font_size=\u00bb28px\u00bb header_2_font=\u00bbRozha One R||||||||\u00bb header_2_text_color=\u00bb#002e3f\u00bb header_2_font_size=\u00bb50px\u00bb header_2_line_height=\u00bb1.2em\u00bb header_2_font_size_tablet=\u00bb34px\u00bb header_2_font_size_phone=\u00bb24px\u00bb header_2_font_size_last_edited=\u00bbon|phone\u00bb global_colors_info=\u00bb{}\u00bb]<\/p>\n<h2><span>Captura y Seguimiento de tus Medidas con el Esc\u00e1ner de Grasa Corporal Fit3D.<\/span><\/h2>\n<p>[\/et_pb_text][et_pb_divider color=\u00bb#052F3F\u00bb divider_position=\u00bbcenter\u00bb divider_weight=\u00bb1px\u00bb _builder_version=\u00bb4.23.1&#8243; _module_preset=\u00bbdefault\u00bb max_width=\u00bb60%\u00bb module_alignment=\u00bbcenter\u00bb global_colors_info=\u00bb{}\u00bb][\/et_pb_divider][et_pb_text _builder_version=\u00bb4.24.2&#8243; _module_preset=\u00bbfb3d65bf-a8b3-4897-95f4-4b2325e4d896&#8243; text_text_color=\u00bb#002E3F\u00bb text_line_height=\u00bb1.8em\u00bb link_text_color=\u00bb#003E51&#8243; text_font_size_tablet=\u00bb15px\u00bb text_font_size_phone=\u00bb14px\u00bb text_font_size_last_edited=\u00bbon|phone\u00bb global_colors_info=\u00bb{}\u00bb]<\/p>\n<p>Mantente al tanto de tu p\u00e9rdida de peso con el Esc\u00e1ner 3D. Visualiza c\u00f3mo evoluciona tu cuerpo con cada paso que tomas en tu viaje de p\u00e9rdida de peso. Tu panel personal de composici\u00f3n corporal te motiva y te mantiene responsable. Transforma tu cuerpo con informaci\u00f3n precisa al alcance de tus manos.<\/p>\n<p>FIT3D es un esc\u00e1ner de tecnolog\u00eda infrarroja 3D que toma 1200 fotos de tu cuerpo. Utiliza algoritmos de inteligencia artificial para procesar esas im\u00e1genes y crear un holograma 3D de tu cuerpo, compar\u00e1ndolo con millones de otros escaneos para predecir la masa grasa y la masa magra del cuerpo. Luego, Fit3D extrae cientos de medidas corporales, incluido el porcentaje de grasa corporal, que es el par\u00e1metro m\u00e1s importante en la p\u00e9rdida de peso, ya que la balanza no refleja la p\u00e9rdida de grasa. La tecnolog\u00eda Fit3D es la m\u00e1s cercana.<\/p>\n<p>El esc\u00e1ner 3D utiliza c\u00e1maras infrarrojas, similares a las de tu tel\u00e9fono, pero captura im\u00e1genes basadas en la temperatura de tu cuerpo. El esc\u00e1ner toma 1200 fotos de tu cuerpo. Utiliza un algoritmo de inteligencia artificial para procesarlas, creando un holograma 3D. El algoritmo compara estas im\u00e1genes con millones de otros escaneos, prediciendo la masa grasa y la masa magra del cuerpo. Extrae cientos de medidas corporales, incluido el porcentaje de grasa corporal y la tasa metab\u00f3lica basal, que son factores importantes para lograr una p\u00e9rdida de peso \u00f3ptima. Esta tecnolog\u00eda es lo m\u00e1s cercano que puedes obtener al est\u00e1ndar de oro de la composici\u00f3n corporal DEXA.<\/p>\n<p>[\/et_pb_text][\/et_pb_column][\/et_pb_row][\/et_pb_section][et_pb_section fb_built=\u00bb1&#8243; _builder_version=\u00bb4.23.1&#8243; _module_preset=\u00bbdefault\u00bb global_colors_info=\u00bb{}\u00bb][et_pb_row _builder_version=\u00bb4.23.1&#8243; _module_preset=\u00bbdefault\u00bb custom_padding=\u00bb12px|||||\u00bb global_colors_info=\u00bb{}\u00bb][et_pb_column type=\u00bb4_4&#8243; _builder_version=\u00bb4.23.1&#8243; _module_preset=\u00bbdefault\u00bb global_colors_info=\u00bb{}\u00bb][dsm_faq dsm_make_accordion_toggle=\u00bbon\u00bb dsm_enable_schema_markup=\u00bbon\u00bb dsm_open_bg_color=\u00bbrgba(200,190,251,0.29)\u00bb dsm_close_bg_color=\u00bb#EBF1FC\u00bb dsm_open_font_icon=\u00bb&#xf068;||fa||900&#8243; dsm_close_font_icon=\u00bb&#xf067;||fa||900&#8243; dsm_open_icon_bg_color=\u00bbRGBA(255,255,255,0)\u00bb dsm_open_icon_color=\u00bb#332FD0&#8243; dsm_close_icon_color=\u00bb#332FD0&#8243; dsm_animate_icon=\u00bbon\u00bb dsm_icon_placement=\u00bbright\u00bb _builder_version=\u00bb4.24.2&#8243; _module_preset=\u00bbdefault\u00bb header_level=\u00bbh3&#8243; header_text_color=\u00bb#332FD0&#8243; header_font_size=\u00bb22px\u00bb header_line_height=\u00bb1.4em\u00bb closed_header_text_color=\u00bb#052F3F\u00bb global_colors_info=\u00bb{}\u00bb][dsm_faq_child dsm_title=\u00bb\u00bfC\u00f3mo me preparo para un escaneo de grasa corporal con Fit3D?\u00bb dsm_content=\u00bb<\/p>\n<p><span>Durante tu escaneo de grasa corporal en 3D tendr\u00e1s espacio para cambiarte de ropa y realizar el escaneo por ti mismo. Para obtener una precisi\u00f3n en el escaneo, usa ropa interior o leggings bien ajustados. Si tienes el cabello largo, aseg\u00faralo en un mo\u00f1o para evitar interferencias con el escaneo.<\/span><\/p>\n<p>\u00bb dsm_child_open_font_icon=\u00bb&#xf068;||fa||900&#8243; dsm_child_close_font_icon=\u00bb&#xf067;||fa||900&#8243; _builder_version=\u00bb4.24.2&#8243; _module_preset=\u00bbdefault\u00bb global_colors_info=\u00bb{}\u00bb parentOrderClass=\u00bbdsm_faq_0&#8243;][\/dsm_faq_child][dsm_faq_child dsm_title=\u00bb\u00bfC\u00f3mo creo una cuenta en Fit3D?\u00bb dsm_content=\u00bb<\/p>\n<p><span>Simplemente crea una cuenta gratuita en cualquier dispositivo con solo tu correo electr\u00f3nico, contrase\u00f1a e informaci\u00f3n b\u00e1sica sobre ti<\/span>. <a href=%22https:\/\/auth0.fit3d.com\/login?state=hKFo2SBabF9EdTdGdjVXN3N0T0ZBTDBNdnJwR2FLU2VSYzRWd6FupWxvZ2luo3RpZNkgaXhtcHJhQlo3LVAwZHBvZ3VNbFRLWmxBZ243RTVQRXKjY2lk2SBqaTk5YkVsbVZNRmVtZzJoTjVwcWdCb2d0eW44RG4zaw&#038;client=ji99bElmVMFemg2hN5pqgBogtyn8Dn3k&#038;protocol=oauth2&#038;response_type=token%20id_token&#038;redirect_uri=https%3A%2F%2Fdashboard.fit3d.com&#038;scope=openid%20profile&#038;audience=fit3d-api-prod&#038;nonce=Cwl2nNZmS_s2z7CVwjcE8Dox0-0lNXVX&#038;auth0Client=eyJuYW1lIjoiYXV0aDAuanMiLCJ2ZXJzaW9uIjoiOS4xMC4wIn0%3D%22 data-et-target-link=%22_blank%22 rel=%22noopener%22 title=%22Fit3d Account%22>Haz clic aqu\u00ed para crear una cuenta.<\/a><\/p>\n<p>\u00bb _builder_version=\u00bb4.24.2&#8243; _module_preset=\u00bbdefault\u00bb global_colors_info=\u00bb{}\u00bb parentOrderClass=\u00bbdsm_faq_0&#8243;][\/dsm_faq_child][dsm_faq_child dsm_title=\u00bb\u00bfC\u00f3mo realizo un escaneo de grasa corporal en 3D?\u00bb dsm_content=\u00bb<\/p>\n<p><span>Accede f\u00e1cilmente al Esc\u00e1ner, sigue las instrucciones y completa un r\u00e1pido escaneo de 35 segundos. Tu informaci\u00f3n se env\u00eda de manera segura a tu panel de control. Adem\u00e1s, recibir\u00e1s un correo electr\u00f3nico con tu informe.<\/span><\/p>\n<p>\u00bb _builder_version=\u00bb4.24.2&#8243; _module_preset=\u00bbdefault\u00bb global_colors_info=\u00bb{}\u00bb parentOrderClass=\u00bbdsm_faq_0&#8243;][\/dsm_faq_child][dsm_faq_child dsm_title=\u00bb\u00bfQu\u00e9 tipo de im\u00e1genes toma el escaneo?\u00bb dsm_content=\u00bb<\/p>\n<p><span>Fit3D utiliza una c\u00e1mara infrarroja, similar a las de los dispositivos de visi\u00f3n nocturna. Es parecida a la c\u00e1mara de tu tel\u00e9fono, pero toma im\u00e1genes hologr\u00e1ficas. Es seguro de usar, incluso durante el embarazo, sin exposici\u00f3n a rayos X.<\/span><\/p>\n<p>\u00bb _builder_version=\u00bb4.24.2&#8243; _module_preset=\u00bbdefault\u00bb global_colors_info=\u00bb{}\u00bb parentOrderClass=\u00bbdsm_faq_0&#8243;][\/dsm_faq_child][dsm_faq_child dsm_title=\u00bb\u00bfQui\u00e9n tiene acceso a mi escaneo?\u00bb dsm_content=\u00bb<\/p>\n<p><span>Eres el \u00fanico con acceso completo a tu escaneo corporal. Tu m\u00e9dico solo puede ver informes con una silueta. Si lo prefieres, puedes otorgarle a tu m\u00e9dico acceso completo a tu escaneo.<\/span><\/p>\n<p>\u00bb _builder_version=\u00bb4.24.2&#8243; _module_preset=\u00bbdefault\u00bb global_colors_info=\u00bb{}\u00bb parentOrderClass=\u00bbdsm_faq_0&#8243;][\/dsm_faq_child][dsm_faq_child dsm_title=\u00bb\u00bfQu\u00e9 medidas debo seguir?\u00bb dsm_content=\u00bb<\/p>\n<p><span>Composici\u00f3n de Grasa Corporal, TMB (Tasa Metab\u00f3lica Basal) y CC (Circunferencia de la Cintura).<\/span><\/p>\n<p>\u00bb _builder_version=\u00bb4.24.2&#8243; _module_preset=\u00bbdefault\u00bb global_colors_info=\u00bb{}\u00bb parentOrderClass=\u00bbdsm_faq_0&#8243;][\/dsm_faq_child][dsm_faq_child dsm_title=\u00bb\u00bfPor qu\u00e9 es esencial hacer un seguimiento de la Composici\u00f3n de Grasa Corporal?\u00bb dsm_content=\u00bb<\/p>\n<p><span>El seguimiento de la Composici\u00f3n de Grasa Corporal es crucial para la p\u00e9rdida de peso, ya que el objetivo final de cualquier programa de p\u00e9rdida de peso es perder grasa y ganar m\u00fasculo.<\/span><\/p>\n<p>\u00bb _builder_version=\u00bb4.24.2&#8243; _module_preset=\u00bbdefault\u00bb global_colors_info=\u00bb{}\u00bb parentOrderClass=\u00bbdsm_faq_0&#8243;][\/dsm_faq_child][dsm_faq_child dsm_title=\u00bb\u00bfCu\u00e1l es la importancia de hacer un seguimiento de la TMB (Tasa Metab\u00f3lica Basal)?\u00bb dsm_content=\u00bb<\/p>\n<p><span>La TMB, o Tasa Metab\u00f3lica Basal, refleja la energ\u00eda necesaria para funciones b\u00e1sicas del cuerpo. Juega un papel clave en el mantenimiento, aumento o p\u00e9rdida de peso. La TMB cambia con los cambios en el peso corporal.<\/span><\/p>\n<p>\u00bb _builder_version=\u00bb4.24.2&#8243; _module_preset=\u00bbdefault\u00bb global_colors_info=\u00bb{}\u00bb parentOrderClass=\u00bbdsm_faq_0&#8243;][\/dsm_faq_child][dsm_faq_child dsm_title=\u00bb\u00bfPor qu\u00e9 es importante el seguimiento de la Circunferencia de la Cintura (CC) para la salud?\u00bb dsm_content=\u00bb<\/p>\n<p><span>La CC es un predictor vital del riesgo de enfermedad cardiometab\u00f3lica. Los umbrales de alto riesgo son > 40 pulgadas para hombres y > 36 pulgadas para mujeres.<\/span><\/p>\n<p>\u00bb _builder_version=\u00bb4.24.2&#8243; _module_preset=\u00bbdefault\u00bb global_colors_info=\u00bb{}\u00bb parentOrderClass=\u00bbdsm_faq_0&#8243;][\/dsm_faq_child][dsm_faq_child dsm_title=\u00bb\u00bfCon qu\u00e9 frecuencia debo realizar el escaneo?\u00bb dsm_content=\u00bb<\/p>\n<p><span>Depende de tu progreso, pero aproximadamente cada 3 meses durante el primer a\u00f1o de tu viaje de p\u00e9rdida de peso.<\/span><\/p>\n<p>\u00bb _builder_version=\u00bb4.24.2&#8243; _module_preset=\u00bbdefault\u00bb global_colors_info=\u00bb{}\u00bb parentOrderClass=\u00bbdsm_faq_0&#8243;][\/dsm_faq_child][\/dsm_faq][\/et_pb_column][\/et_pb_row][\/et_pb_section]<\/p>\n","protected":false},"excerpt":{"rendered":"<p>Escaner 3D de Grasa CorporalUna Evaluaci\u00f3n Precisa de la Composici\u00f3n de Grasa Corporal utilizando c\u00e1maras infrarrojas, sensores y inteligencia artificial proporciona una vista segura de 360 grados de tu cuerpo sin radiaci\u00f3n. Fit3D utiliza algoritmos avanzados de inteligencia artificial para calcular tu composici\u00f3n corporal.Descubre tu Cuerpo: Informaci\u00f3n Precisa con Nuestro Esc\u00e1ner 3DCaptura y Seguimiento de tus Medidas con el Esc\u00e1ner de Grasa Corporal Fit3D.Mantente al tanto de tu p\u00e9rdida de peso con el Esc\u00e1ner 3D. Visualiza c\u00f3mo evoluciona tu cuerpo con cada paso que tomas en tu viaje de p\u00e9rdida de peso. Tu panel personal de composici\u00f3n corporal te motiva y te mantiene responsable. Transforma tu cuerpo con informaci\u00f3n precisa al alcance de tus manos. FIT3D es un esc\u00e1ner de tecnolog\u00eda infrarroja 3D que toma 1200 fotos de tu cuerpo. Utiliza algoritmos de inteligencia artificial para procesar esas im\u00e1genes y crear un holograma 3D de tu cuerpo, compar\u00e1ndolo con millones de otros escaneos para predecir la masa grasa y la masa magra del cuerpo. Luego, Fit3D extrae cientos de medidas corporales, incluido el porcentaje de grasa corporal, que es el par\u00e1metro m\u00e1s importante en la p\u00e9rdida de peso, ya que la balanza no refleja la p\u00e9rdida de grasa. La tecnolog\u00eda [&hellip;]<\/p>\n","protected":false},"author":1,"featured_media":0,"parent":0,"menu_order":0,"comment_status":"closed","ping_status":"closed","template":"","meta":{"_et_pb_use_builder":"on","_et_pb_old_content":"","_et_gb_content_width":"","_trash_the_other_posts":false,"editor_notices":[],"footnotes":""},"class_list":["post-437","page","type-page","status-publish","hentry"],"_links":{"self":[{"href":"https:\/\/waylessweightloss.com\/es\/wp-json\/wp\/v2\/pages\/437","targetHints":{"allow":["GET"]}}],"collection":[{"href":"https:\/\/waylessweightloss.com\/es\/wp-json\/wp\/v2\/pages"}],"about":[{"href":"https:\/\/waylessweightloss.com\/es\/wp-json\/wp\/v2\/types\/page"}],"author":[{"embeddable":true,"href":"https:\/\/waylessweightloss.com\/es\/wp-json\/wp\/v2\/users\/1"}],"replies":[{"embeddable":true,"href":"https:\/\/waylessweightloss.com\/es\/wp-json\/wp\/v2\/comments?post=437"}],"version-history":[{"count":10,"href":"https:\/\/waylessweightloss.com\/es\/wp-json\/wp\/v2\/pages\/437\/revisions"}],"predecessor-version":[{"id":356727,"href":"https:\/\/waylessweightloss.com\/es\/wp-json\/wp\/v2\/pages\/437\/revisions\/356727"}],"wp:attachment":[{"href":"https:\/\/waylessweightloss.com\/es\/wp-json\/wp\/v2\/media?parent=437"}],"curies":[{"name":"wp","href":"https:\/\/api.w.org\/{rel}","templated":true}]}}