{"id":451,"date":"2023-11-09T11:16:44","date_gmt":"2023-11-09T17:16:44","guid":{"rendered":"https:\/\/waylessweightloss.com\/?page_id=451"},"modified":"2024-03-16T00:03:54","modified_gmt":"2024-03-16T05:03:54","slug":"ozempic-semaglutida-inyecciones-para-bajar-de-peso","status":"publish","type":"page","link":"https:\/\/waylessweightloss.com\/es\/ozempic-semaglutida-inyecciones-para-bajar-de-peso\/","title":{"rendered":"inyecciones para bajar de peso con Ozempic, Wegovy y Semaglutida"},"content":{"rendered":"<p>[et_pb_section fb_built=\u00bb1&#8243; admin_label=\u00bbHeader\u00bb _builder_version=\u00bb4.23.1&#8243; _module_preset=\u00bbdefault\u00bb background_color=\u00bb#eff4fd\u00bb custom_padding=\u00bb0px||82px|||\u00bb bottom_divider_style=\u00bbarrow2&#8243; bottom_divider_color=\u00bb#FFFFFF\u00bb locked=\u00bboff\u00bb global_colors_info=\u00bb{}\u00bb][et_pb_row column_structure=\u00bb1_2,1_2&#8243; _builder_version=\u00bb4.23.1&#8243; _module_preset=\u00bbdefault\u00bb custom_margin=\u00bb0px||0px||false|false\u00bb custom_margin_tablet=\u00bb||0px||false|false\u00bb custom_margin_phone=\u00bb\u00bb custom_margin_last_edited=\u00bbon|phone\u00bb custom_padding=\u00bb0px||0px||false|false\u00bb locked=\u00bboff\u00bb global_colors_info=\u00bb{}\u00bb][et_pb_column type=\u00bb1_2&#8243; _builder_version=\u00bb4.16&#8243; _module_preset=\u00bbdefault\u00bb custom_padding=\u00bb6%||||false|false\u00bb global_colors_info=\u00bb{}\u00bb][et_pb_text _builder_version=\u00bb4.24.2&#8243; _module_preset=\u00bbdefault\u00bb header_font=\u00bbRozha One R||||||||\u00bb header_text_color=\u00bb#003E51&#8243; header_font_size=\u00bb65px\u00bb header_line_height=\u00bb1.1em\u00bb header_2_font=\u00bb|700||on|||||\u00bb header_2_text_color=\u00bbrgba(44,44,44,0.5)\u00bb header_2_font_size=\u00bb12px\u00bb header_2_letter_spacing=\u00bb1px\u00bb header_2_line_height=\u00bb1.3em\u00bb custom_margin=\u00bb0px||0px||false|false\u00bb custom_padding=\u00bb0px||0px||false|false\u00bb text_font_size_tablet=\u00bb\u00bb text_font_size_phone=\u00bb\u00bb text_font_size_last_edited=\u00bbon|desktop\u00bb header_font_size_tablet=\u00bb44px\u00bb header_font_size_phone=\u00bb32px\u00bb header_font_size_last_edited=\u00bbon|phone\u00bb global_colors_info=\u00bb{}\u00bb]<\/p>\n<h1><span><span style=\"color: #ff7753;\">Inyecciones<\/span> para Bajar de Peso con <span style=\"color: #332fd0;\">Ozempic<\/span>, <span style=\"color: #ff7753;\">Wegovy<\/span> y <span style=\"color: #332fd0;\">Semaglutida<\/span><\/span><\/h1>\n<p>[\/et_pb_text][et_pb_text _builder_version=\u00bb4.24.2&#8243; _module_preset=\u00bbfb3d65bf-a8b3-4897-95f4-4b2325e4d896&#8243; text_font=\u00bb||||||||\u00bb text_text_color=\u00bb#052F3F\u00bb text_font_size=\u00bb19px\u00bb text_line_height=\u00bb1.8em\u00bb link_text_color=\u00bb#003E51&#8243; text_font_size_tablet=\u00bb\u00bb text_font_size_phone=\u00bb\u00bb text_font_size_last_edited=\u00bbon|desktop\u00bb global_colors_info=\u00bb{}\u00bb]<\/p>\n<p><span>Una receta semanal de inyecciones para bajar de peso GLP-1 con semaglutida para tratar la obesidad.<\/span><\/p>\n<p>[\/et_pb_text][\/et_pb_column][et_pb_column type=\u00bb1_2&#8243; _builder_version=\u00bb4.16&#8243; _module_preset=\u00bbdefault\u00bb global_colors_info=\u00bb{}\u00bb][et_pb_image src=\u00bbhttps:\/\/waylessweightloss.com\/wp-content\/uploads\/sites\/3\/2023\/11\/ozempic-weight-loss-injections.png\u00bb alt=\u00bbozempic weight loss injections\u00bb title_text=\u00bbozempic weight loss injections\u00bb _builder_version=\u00bb4.23.1&#8243; _module_preset=\u00bbdefault\u00bb custom_margin=\u00bb60px||||false|false\u00bb global_colors_info=\u00bb{}\u00bb][\/et_pb_image][\/et_pb_column][\/et_pb_row][\/et_pb_section][et_pb_section fb_built=\u00bb1&#8243; admin_label=\u00bbServices\u00bb _builder_version=\u00bb4.23.1&#8243; _module_preset=\u00bbdefault\u00bb background_color=\u00bbRGBA(255,255,255,0)\u00bb custom_padding=\u00bb22px||10px|||\u00bb global_colors_info=\u00bb{}\u00bb][et_pb_row _builder_version=\u00bb4.23.1&#8243; _module_preset=\u00bbdefault\u00bb global_colors_info=\u00bb{}\u00bb][et_pb_column type=\u00bb4_4&#8243; _builder_version=\u00bb4.23.1&#8243; _module_preset=\u00bbdefault\u00bb global_colors_info=\u00bb{}\u00bb][et_pb_text admin_label=\u00bbText\u00bb _builder_version=\u00bb4.24.2&#8243; _module_preset=\u00bbdefault\u00bb header_2_font=\u00bb||||||||\u00bb header_2_text_align=\u00bbcenter\u00bb header_2_font_size=\u00bb31px\u00bb global_colors_info=\u00bb{}\u00bb]<\/p>\n<h2><span>Cuando las inyecciones de Ozempic o Wegovy parecen fuera de alcance, te cubrimos con opciones asequibles. Suministramos inye<\/span><\/h2>\n<p>[\/et_pb_text][\/et_pb_column][\/et_pb_row][\/et_pb_section][et_pb_section fb_built=\u00bb1&#8243; admin_label=\u00bbFeature\u00bb _builder_version=\u00bb4.23.1&#8243; _module_preset=\u00bbdefault\u00bb background_color=\u00bb#EBF1FC\u00bb use_background_color_gradient=\u00bbon\u00bb background_color_gradient_direction=\u00bb90deg\u00bb background_color_gradient_stops=\u00bbrgba(0,0,0,0.08) 30%|rgba(0,0,0,0) 30%\u00bb background_color_gradient_start=\u00bbrgba(0,0,0,0.08)\u00bb background_color_gradient_start_position=\u00bb30%\u00bb background_color_gradient_end=\u00bbrgba(0,0,0,0)\u00bb background_color_gradient_end_position=\u00bb30%\u00bb custom_padding=\u00bb10vw||||false|false\u00bb top_divider_style=\u00bbarrow2&#8243; top_divider_color=\u00bb#FFFFFF\u00bb top_divider_height=\u00bb90px\u00bb locked=\u00bboff\u00bb global_colors_info=\u00bb{}\u00bb][et_pb_row column_structure=\u00bb1_2,1_2&#8243; _builder_version=\u00bb4.16&#8243; _module_preset=\u00bbdefault\u00bb locked=\u00bboff\u00bb global_colors_info=\u00bb{}\u00bb][et_pb_column type=\u00bb1_2&#8243; _builder_version=\u00bb4.16&#8243; _module_preset=\u00bbdefault\u00bb global_colors_info=\u00bb{}\u00bb][et_pb_image src=\u00bbhttps:\/\/waylessweightloss.com\/es\/wp-content\/uploads\/sites\/3\/2024\/02\/semaglutide-Glp-1-weight-loss-injection-oak-brook-chicago.png\u00bb alt=\u00bbsemaglutide Glp-1-weight loss injection oak brook Chicago\u00bb title_text=\u00bbsemaglutide-Glp-1-weight-loss-injection-oak-brook-chicago\u00bb align_tablet=\u00bbcenter\u00bb align_phone=\u00bbcenter\u00bb align_last_edited=\u00bbon|phone\u00bb _builder_version=\u00bb4.24.2&#8243; _module_preset=\u00bbdefault\u00bb positioning=\u00bbrelative\u00bb position_origin_a=\u00bbbottom_right\u00bb width=\u00bb81%\u00bb width_tablet=\u00bb45%\u00bb width_phone=\u00bb70%\u00bb width_last_edited=\u00bboff|desktop\u00bb custom_margin=\u00bb0px||||false|false\u00bb custom_margin_phone=\u00bb-120px|||80px|false|false\u00bb custom_margin_last_edited=\u00bboff|desktop\u00bb scroll_vertical_motion_enable=\u00bboff\u00bb scroll_vertical_motion=\u00bb0|50|50|100|1|0|-1&#8243; sticky_position_tablet=\u00bb\u00bb sticky_position_phone=\u00bb\u00bb sticky_position_last_edited=\u00bbon|phone\u00bb border_radii=\u00bboff||||\u00bb global_colors_info=\u00bb{}\u00bb][\/et_pb_image][et_pb_image src=\u00bbhttps:\/\/waylessweightloss.com\/wp-content\/uploads\/sites\/3\/2023\/09\/telehealth-34.png\u00bb title_text=\u00bbtelehealth-34&#8243; align_tablet=\u00bbleft\u00bb align_last_edited=\u00bboff|desktop\u00bb disabled_on=\u00bbon|off|off\u00bb _builder_version=\u00bb4.24.2&#8243; _module_preset=\u00bbdefault\u00bb positioning=\u00bbabsolute\u00bb position_origin_a=\u00bbbottom_right\u00bb vertical_offset=\u00bb-14%\u00bb horizontal_offset=\u00bb-13%\u00bb width=\u00bb32%\u00bb scroll_rotating_enable=\u00bbon\u00bb scroll_rotating=\u00bb0|50|50|100|30\u00b0|0|-30\u00b0\u00bb motion_trigger_start=\u00bbtop\u00bb sticky_position_tablet=\u00bb\u00bb sticky_position_phone=\u00bb\u00bb sticky_position_last_edited=\u00bbon|phone\u00bb locked=\u00bboff\u00bb global_colors_info=\u00bb{}\u00bb][\/et_pb_image][et_pb_image src=\u00bbhttps:\/\/waylessweightloss.com\/wp-content\/uploads\/sites\/3\/2023\/09\/telehealth-28.png\u00bb title_text=\u00bbtelehealth-28&#8243; align_tablet=\u00bbleft\u00bb align_phone=\u00bbright\u00bb align_last_edited=\u00bbon|phone\u00bb disabled_on=\u00bbon|off|off\u00bb _builder_version=\u00bb4.24.2&#8243; _module_preset=\u00bbdefault\u00bb positioning=\u00bbabsolute\u00bb horizontal_offset=\u00bb-26%\u00bb width=\u00bb21%\u00bb width_tablet=\u00bb50%\u00bb width_phone=\u00bb30%\u00bb width_last_edited=\u00bboff|desktop\u00bb scroll_rotating_enable=\u00bbon\u00bb scroll_rotating=\u00bb0|50|50|100|20\u00b0|15\u00b0|-50\u00b0\u00bb motion_trigger_start=\u00bbbottom\u00bb sticky_position_tablet=\u00bb\u00bb sticky_position_phone=\u00bb\u00bb sticky_position_last_edited=\u00bbon|phone\u00bb scroll_rotating_tablet=\u00bb0|50|50|100|20\u00b0|15\u00b0|-50\u00b0\u00bb scroll_rotating_phone=\u00bb0|50|50|100|0\u00b0|0\u00b0|0\u00b0\u00bb scroll_rotating_last_edited=\u00bbon|phone\u00bb global_colors_info=\u00bb{}\u00bb][\/et_pb_image][\/et_pb_column][et_pb_column type=\u00bb1_2&#8243; _builder_version=\u00bb4.16&#8243; _module_preset=\u00bbdefault\u00bb global_colors_info=\u00bb{}\u00bb][et_pb_text _builder_version=\u00bb4.24.2&#8243; _module_preset=\u00bbfb3d65bf-a8b3-4897-95f4-4b2325e4d896&#8243; text_text_color=\u00bb#002E3F\u00bb text_line_height=\u00bb1.8em\u00bb link_text_color=\u00bb#003E51&#8243; header_3_font_size=\u00bb30px\u00bb text_font_size_tablet=\u00bb15px\u00bb text_font_size_phone=\u00bb14px\u00bb text_font_size_last_edited=\u00bbon|phone\u00bb global_colors_info=\u00bb{}\u00bb]<\/p>\n<h3>\u00bfCu\u00e1l es la diferencia entre las inyecciones o shots de Ozempic, Wegovy y Semaglutida?<\/h3>\n<p>Wegovy, Ozempic y las inyecciones de Semaglutida son el mismo medicamento y com\u00fanmente se les conoce como inyecciones GLP-1 o inyecciones <span>para bajar<\/span> de peso. Ozempic es el nombre de marca recetado para la diabetes, y Wegovy es el nombre de marca para la p\u00e9rdida de peso.<\/p>\n<h3>\u00bfMi seguro cubre las inyecciones de Ozempic o las inyecciones <span>para bajar<\/span> de peso?<\/h3>\n<p>Mientras que el seguro podr\u00eda cubrir las inyecciones de Ozempic para la diabetes, no est\u00e1 cubierto <span>para bajar<\/span> de peso. Algunos seguros cubren las inyecciones de Wegovy <span>para bajar<\/span> de peso, pero es dif\u00edcil obtenerlas debido a la escasez nacional de inyecciones de Wegovy.<\/p>\n<p>[\/et_pb_text][\/et_pb_column][\/et_pb_row][\/et_pb_section][et_pb_section fb_built=\u00bb1&#8243; admin_label=\u00bbstats\u00bb _builder_version=\u00bb4.16&#8243; _module_preset=\u00bbdefault\u00bb custom_padding=\u00bb5vw||||false|false\u00bb global_colors_info=\u00bb{}\u00bb][et_pb_row custom_padding_last_edited=\u00bboff|desktop\u00bb _builder_version=\u00bb4.23.1&#8243; _module_preset=\u00bbdefault\u00bb background_color=\u00bb#F7EBFF\u00bb custom_padding_tablet=\u00bb120px||120px|60px|true|false\u00bb custom_padding_phone=\u00bb150px|30px|150px|30px|true|true\u00bb global_colors_info=\u00bb{}\u00bb][et_pb_column type=\u00bb4_4&#8243; _builder_version=\u00bb4.16&#8243; _module_preset=\u00bbdefault\u00bb custom_padding=\u00bb80px|50px|80px|50px|true|false\u00bb custom_padding_tablet=\u00bb120px||120px|60px|true|false\u00bb custom_padding_phone=\u00bb150px|30px|150px|30px|true|true\u00bb custom_padding_last_edited=\u00bbon|tablet\u00bb global_colors_info=\u00bb{}\u00bb][et_pb_image src=\u00bbhttps:\/\/waylessweightloss.com\/wp-content\/uploads\/sites\/3\/2023\/09\/telehealth-33.png\u00bb title_text=\u00bbtelehealth-33&#8243; show_bottom_space=\u00bboff\u00bb align=\u00bbright\u00bb _builder_version=\u00bb4.16&#8243; _module_preset=\u00bbdefault\u00bb positioning=\u00bbabsolute\u00bb position_origin_a=\u00bbtop_right\u00bb vertical_offset=\u00bb-8%\u00bb horizontal_offset=\u00bb-6%\u00bb width=\u00bb17%\u00bb custom_margin=\u00bb||||false|false\u00bb global_colors_info=\u00bb{}\u00bb][\/et_pb_image][et_pb_text _builder_version=\u00bb4.24.2&#8243; _module_preset=\u00bb1da4c4f2-8e53-4788-a9f5-4d073216150a\u00bb header_2_font=\u00bb||||||||\u00bb header_2_text_color=\u00bb#003e51&#8243; header_2_font_size=\u00bb30px\u00bb header_2_line_height=\u00bb1.1em\u00bb text_orientation=\u00bbcenter\u00bb max_width=\u00bb1080px\u00bb module_alignment=\u00bbcenter\u00bb custom_margin_tablet=\u00bb\u00bb custom_margin_phone=\u00bb-91px||13px||false|false\u00bb custom_margin_last_edited=\u00bbon|phone\u00bb custom_padding=\u00bb0px||||false|false\u00bb header_2_font_size_tablet=\u00bb34px\u00bb header_2_font_size_phone=\u00bb24px\u00bb header_2_font_size_last_edited=\u00bbon|phone\u00bb locked=\u00bboff\u00bb global_colors_info=\u00bb{}\u00bb]<\/p>\n<h2><span>Estudios han demostrado que las inyecciones de Semaglutida para la p\u00e9rdida de peso han ayudado a los pacientes a perder m\u00e1s del 15% de su peso (m\u00e1s de 30 libras para una persona con un peso promedio de 200 libras).<\/span><\/h2>\n<p>[\/et_pb_text][et_pb_text _builder_version=\u00bb4.24.2&#8243; _module_preset=\u00bbfb3d65bf-a8b3-4897-95f4-4b2325e4d896&#8243; text_line_height=\u00bb1.8em\u00bb link_text_color=\u00bb#003E51&#8243; text_orientation=\u00bbcenter\u00bb max_width=\u00bb600px\u00bb module_alignment=\u00bbcenter\u00bb custom_margin_tablet=\u00bb\u00bb custom_margin_phone=\u00bb||-39px||false|false\u00bb custom_margin_last_edited=\u00bbon|phone\u00bb custom_padding=\u00bb||0px||false|false\u00bb text_font_size_tablet=\u00bb15px\u00bb text_font_size_phone=\u00bb14px\u00bb text_font_size_last_edited=\u00bbon|phone\u00bb locked=\u00bboff\u00bb global_colors_info=\u00bb{}\u00bb]<\/p>\n<p><span>Este logro notable marca el comienzo de una nueva era en los medicamentos para la p\u00e9rdida de peso. Pero eso no es todo: las inyecciones de Semaglutida tambi\u00e9n destacan al reducir el riesgo de enfermedades card\u00edacas y diabetes. \u00a1Dale la bienvenida a un t\u00fa m\u00e1s saludable y ligero!<\/span><\/p>\n<p>[\/et_pb_text][et_pb_image src=\u00bbhttps:\/\/waylessweightloss.com\/wp-content\/uploads\/sites\/3\/2023\/09\/telehealth-34.png\u00bb title_text=\u00bbtelehealth-34&#8243; _builder_version=\u00bb4.16&#8243; _module_preset=\u00bbdefault\u00bb positioning=\u00bbabsolute\u00bb position_origin_a=\u00bbbottom_left\u00bb vertical_offset=\u00bb-8%\u00bb horizontal_offset=\u00bb-4%\u00bb width=\u00bb17%\u00bb custom_margin=\u00bb||||false|false\u00bb global_colors_info=\u00bb{}\u00bb][\/et_pb_image][\/et_pb_column][\/et_pb_row][\/et_pb_section][et_pb_section fb_built=\u00bb1&#8243; admin_label=\u00bbFeature\u00bb _builder_version=\u00bb4.23.1&#8243; _module_preset=\u00bbdefault\u00bb background_color=\u00bb#EBF1FC\u00bb background_enable_mask_style=\u00bbon\u00bb background_mask_style=\u00bbdiagonal\u00bb custom_padding=\u00bb1vw||||false|false\u00bb global_colors_info=\u00bb{}\u00bb][et_pb_row column_structure=\u00bb3_5,2_5&#8243; _builder_version=\u00bb4.23.1&#8243; _module_preset=\u00bbdefault\u00bb locked=\u00bboff\u00bb global_colors_info=\u00bb{}\u00bb][et_pb_column type=\u00bb3_5&#8243; _builder_version=\u00bb4.16&#8243; _module_preset=\u00bbdefault\u00bb custom_padding=\u00bb50px||||false|false\u00bb global_colors_info=\u00bb{}\u00bb][et_pb_text _builder_version=\u00bb4.24.2&#8243; _module_preset=\u00bb1da4c4f2-8e53-4788-a9f5-4d073216150a\u00bb header_2_font=\u00bbRozha One R||||||||\u00bb header_2_text_color=\u00bb#003e51&#8243; header_2_font_size=\u00bb58px\u00bb header_2_line_height=\u00bb1.1em\u00bb custom_margin=\u00bb0px||||false|false\u00bb custom_padding=\u00bb0px||0px||false|false\u00bb header_2_font_size_tablet=\u00bb34px\u00bb header_2_font_size_phone=\u00bb24px\u00bb header_2_font_size_last_edited=\u00bbon|phone\u00bb locked=\u00bboff\u00bb global_colors_info=\u00bb{}\u00bb]<\/p>\n<h2><span>Es M\u00e1s que Solo P\u00edldoras para bajar de Peso y Dietas Extremas<\/span><\/h2>\n<p>[\/et_pb_text][et_pb_divider color=\u00bb#959595&#8243; _builder_version=\u00bb4.16&#8243; _module_preset=\u00bbdefault\u00bb width=\u00bb40%\u00bb module_alignment=\u00bbleft\u00bb locked=\u00bboff\u00bb global_colors_info=\u00bb{}\u00bb][\/et_pb_divider][et_pb_text _builder_version=\u00bb4.24.2&#8243; _module_preset=\u00bbfb3d65bf-a8b3-4897-95f4-4b2325e4d896&#8243; text_line_height=\u00bb1.8em\u00bb link_text_color=\u00bb#003E51&#8243; text_font_size_tablet=\u00bb15px\u00bb text_font_size_phone=\u00bb14px\u00bb text_font_size_last_edited=\u00bbon|phone\u00bb locked=\u00bboff\u00bb global_colors_info=\u00bb{}\u00bb]<\/p>\n<p>Wegovy, Ozempic y las inyecciones de Semaglutida no son las t\u00edpicas soluciones <span>para bajar<\/span> de peso. Rompen el ciclo de fluctuaciones de peso interminables, permiti\u00e9ndote encontrar tranquilidad y concentrarte en desarrollar h\u00e1bitos m\u00e1s saludables en lugar de luchar constantemente contra el hambre y los antojos.<\/p>\n<p>Las inyecciones de Semaglutida son un medicamento innovador que potencia las hormonas naturales del intestino llamadas GLP-1 (P\u00e9ptido Similar al Glucag\u00f3n-1). Al sincronizarse con los ritmos naturales de tu cuerpo, se convierte en un regulador poderoso de tu metabolismo, ciclos de hambre y la forma en que percibes las recompensas alimentarias. Adem\u00e1s, amplifica las se\u00f1ales que influyen en la sensaci\u00f3n de saciedad, ayud\u00e1ndote a sentirte satisfecho despu\u00e9s de una peque\u00f1a comida y eliminando el deseo constante de picar.<\/p>\n<p>Adem\u00e1s, las inyecciones de Semaglutida son tu camino hacia una vida m\u00e1s saludable y vibrante. Optimizan tu metabolismo de az\u00facar y bienestar cardiovascular, diciendo adi\u00f3s al sube y baja de peso y dando paso a un estilo de vida sostenible y m\u00e1s saludable.<\/p>\n<p>[\/et_pb_text][\/et_pb_column][et_pb_column type=\u00bb2_5&#8243; _builder_version=\u00bb4.16&#8243; _module_preset=\u00bbdefault\u00bb global_colors_info=\u00bb{}\u00bb][et_pb_image src=\u00bbhttps:\/\/waylessweightloss.com\/wp-content\/uploads\/sites\/3\/2023\/11\/semaglutide-ozempic-glp-1-ijections-for-weight-loss-2.png\u00bb alt=\u00bbsemaglutide ozempic glp-1 ijections for weight loss\u00bb title_text=\u00bbsemaglutide ozempic glp-1 ijections for weight loss\u00bb align=\u00bbright\u00bb disabled_on=\u00bbon|off|off\u00bb _builder_version=\u00bb4.23.1&#8243; _module_preset=\u00bbdefault\u00bb width=\u00bb69.9%\u00bb custom_margin=\u00bb||0px||false|false\u00bb custom_padding=\u00bb50px|||3px|false|false\u00bb scroll_vertical_motion=\u00bb0|50|50|100|1|0|-1&#8243; border_radii=\u00bboff||||\u00bb global_colors_info=\u00bb{}\u00bb][\/et_pb_image][\/et_pb_column][\/et_pb_row][\/et_pb_section][et_pb_section fb_built=\u00bb1&#8243; _builder_version=\u00bb4.23.1&#8243; _module_preset=\u00bbdefault\u00bb global_colors_info=\u00bb{}\u00bb][et_pb_row _builder_version=\u00bb4.23.1&#8243; _module_preset=\u00bbdefault\u00bb global_colors_info=\u00bb{}\u00bb][et_pb_column type=\u00bb4_4&#8243; _builder_version=\u00bb4.23.1&#8243; _module_preset=\u00bbdefault\u00bb global_colors_info=\u00bb{}\u00bb][et_pb_text _builder_version=\u00bb4.24.2&#8243; _module_preset=\u00bbdefault\u00bb global_colors_info=\u00bb{}\u00bb]<\/p>\n<h2><span>Preguntas Frecuentes sobre Ozempic, Wegovy y Inyecciones de Semaglutida<\/span><\/h2>\n<p>[\/et_pb_text][dsm_faq dsm_make_accordion_toggle=\u00bbon\u00bb dsm_enable_schema_markup=\u00bbon\u00bb dsm_open_bg_color=\u00bbrgba(247,235,255,0.52)\u00bb dsm_close_bg_color=\u00bb#EBF1FC\u00bb dsm_open_font_icon=\u00bb&#xf068;||fa||900&#8243; dsm_close_font_icon=\u00bb&#xf067;||fa||900&#8243; dsm_open_icon_bg_color=\u00bbRGBA(255,255,255,0)\u00bb dsm_open_icon_color=\u00bb#332FD0&#8243; dsm_close_icon_color=\u00bb#332FD0&#8243; dsm_animate_icon=\u00bbon\u00bb dsm_icon_placement=\u00bbright\u00bb _builder_version=\u00bb4.24.2&#8243; _module_preset=\u00bbdefault\u00bb header_level=\u00bbh3&#8243; header_text_color=\u00bb#332FD0&#8243; closed_header_text_color=\u00bb#052F3F\u00bb border_color_all_dsm_toggle_open_border=\u00bb#EBF1FC\u00bb global_colors_info=\u00bb{}\u00bb][dsm_faq_child dsm_title=\u00bb\u00bfCu\u00e1l es la diferencia entre Ozempic, Wegovy y Semaglutida?\u00bb dsm_content=\u00bb<\/p>\n<p><span>%22Semaglutida%22 es el nombre gen\u00e9rico de la medicaci\u00f3n, perteneciente a una clase de f\u00e1rmacos llamada agonistas del receptor de p\u00e9ptido similar al glucag\u00f3n-1 (GLP-1). Ozempic es una marca de semaglutida utilizada para la diabetes, mientras que Wegovy es otra marca de semaglutida en dosis m\u00e1s altas aprobada para el control del peso.<\/span><\/p>\n<p>\u00bb _builder_version=\u00bb4.24.2&#8243; _module_preset=\u00bbdefault\u00bb global_colors_info=\u00bb{}\u00bb][\/dsm_faq_child][dsm_faq_child dsm_title=\u00bb\u00bfCu\u00e1nto cuesta un suministro mensual de semaglutida?\u00bb dsm_content=\u00bb<\/p>\n<p><span>El precio regular es de $399, pero con un descuento, solo cuesta $299 por un mes. Adem\u00e1s, con un descuento de membres\u00eda del 10%, el precio podr\u00eda reducirse a\u00fan m\u00e1s a $270.<\/span><\/p>\n<p>\u00bb _builder_version=\u00bb4.24.2&#8243; _module_preset=\u00bbdefault\u00bb global_colors_info=\u00bb{}\u00bb][\/dsm_faq_child][dsm_faq_child dsm_title=\u00bb\u00bfCu\u00e1les son los efectos secundarios comunes de semaglutida, Ozempic y Wegovy?\u00bb dsm_content=\u00bb<\/p>\n<p><span>La mayor\u00eda de los pacientes toleran bien la semaglutida con efectos secundarios m\u00ednimos o nulos. El efecto secundario principal es la n\u00e1usea al comenzar el medicamento, que generalmente disminuye con el tiempo. Otros posibles efectos secundarios incluyen estre\u00f1imiento, dolor de cabeza, cansancio (fatiga), malestar estomacal, sensaci\u00f3n de hinchaz\u00f3n y eructos.<\/span><\/p>\n<p>\u00bb _builder_version=\u00bb4.24.2&#8243; _module_preset=\u00bbdefault\u00bb global_colors_info=\u00bb{}\u00bb][\/dsm_faq_child][dsm_faq_child dsm_title=\u00bb\u00bfC\u00f3mo puedo manejar la n\u00e1usea si la experimento?\u00bb dsm_content=\u00bb<\/p>\n<p><span>Para aliviar la n\u00e1usea mientras toma semaglutida, opte por comidas peque\u00f1as y ligeras. Evite tambi\u00e9n alimentos pesados y grasosos. Otros trucos que pueden ayudar con la n\u00e1usea incluyen t\u00e9 de jengibre o alimentos \u00e1cidos como pepinillos, lim\u00f3n, lima u aceitunas. Pase tiempo al aire libre para tomar aire fresco y adopte un ritmo m\u00e1s lento al comer. Adem\u00e1s, proporcionamos a nuestros pacientes un medicamento para la n\u00e1usea llamado Reglan para usar si es necesario.<\/span><\/p>\n<p>\u00bb _builder_version=\u00bb4.24.2&#8243; _module_preset=\u00bbdefault\u00bb global_colors_info=\u00bb{}\u00bb][\/dsm_faq_child][dsm_faq_child dsm_title=\u00bb\u00bfQui\u00e9nes no deben usar semaglutida, Ozempic o Wegovy?\u00bb dsm_content=\u00bb<\/p>\n<p><span>Evite el uso de semaglutida, Ozempic o Wegovy si usted o un familiar tiene antecedentes de carcinoma medular de tiroides (CMT) o s\u00edndrome de neoplasia endocrina m\u00faltiple tipo 2 (NEM 2).<\/span><\/p>\n<p>\u00bb _builder_version=\u00bb4.24.2&#8243; _module_preset=\u00bbdefault\u00bb global_colors_info=\u00bb{}\u00bb][\/dsm_faq_child][dsm_faq_child dsm_title=\u00bb\u00bfPueden Semaglutida, Ozempic o Wegovy causar hipoglucemia?\u00bb dsm_content=\u00bb<\/p>\n<p><span>No, estos medicamentos no causan hipoglucemia por s\u00ed mismos. Sin embargo, si se toman con medicamentos como las sulfonilureas o la insulina, pueden llevar a la hipoglucemia. Si est\u00e1 tomando otros medicamentos para la diabetes, se necesitan ajustes para evitar la hipoglucemia.<\/span><\/p>\n<p>\u00bb _builder_version=\u00bb4.24.2&#8243; _module_preset=\u00bbdefault\u00bb global_colors_info=\u00bb{}\u00bb][\/dsm_faq_child][dsm_faq_child dsm_title=\u00bb\u00bfCu\u00e1ndo debo dejar de tomar Semaglutida, Ozempic o Wegovy?\u00bb dsm_content=\u00bb<\/p>\n<p><span>Deje de tomar el medicamento y busque atenci\u00f3n m\u00e9dica si experimenta dolor abdominal severo, v\u00f3mitos o diarrea que no desaparecen.<\/span><\/p>\n<p>\u00bb _builder_version=\u00bb4.24.2&#8243; _module_preset=\u00bbdefault\u00bb global_colors_info=\u00bb{}\u00bb][\/dsm_faq_child][dsm_faq_child dsm_title=\u00bb\u00bfQu\u00e9 es la &#8216;Cara de Ozempic&#8217;?\u00bb dsm_content=\u00bb<\/p>\n<p><span>La &#8216;Cara de Ozempic&#8217; es un t\u00e9rmino medi\u00e1tico utilizado para describir a individuos que han perdido una cantidad significativa de peso utilizando Ozempic, lo que resulta en una transformaci\u00f3n de un rostro redondo a uno m\u00e1s delgado. No es una condici\u00f3n m\u00e9dica.<\/span><\/p>\n<p>\u00bb _builder_version=\u00bb4.24.2&#8243; _module_preset=\u00bbdefault\u00bb global_colors_info=\u00bb{}\u00bb][\/dsm_faq_child][\/dsm_faq][\/et_pb_column][\/et_pb_row][\/et_pb_section]<\/p>\n","protected":false},"excerpt":{"rendered":"<p>Inyecciones para Bajar de Peso con Ozempic, Wegovy y SemaglutidaUna receta semanal de inyecciones para bajar de peso GLP-1 con semaglutida para tratar la obesidad.Cuando las inyecciones de Ozempic o Wegovy parecen fuera de alcance, te cubrimos con opciones asequibles. Suministramos inye\u00bfCu\u00e1l es la diferencia entre las inyecciones o shots de Ozempic, Wegovy y Semaglutida? Wegovy, Ozempic y las inyecciones de Semaglutida son el mismo medicamento y com\u00fanmente se les conoce como inyecciones GLP-1 o inyecciones para bajar de peso. Ozempic es el nombre de marca recetado para la diabetes, y Wegovy es el nombre de marca para la p\u00e9rdida de peso. \u00bfMi seguro cubre las inyecciones de Ozempic o las inyecciones para bajar de peso? Mientras que el seguro podr\u00eda cubrir las inyecciones de Ozempic para la diabetes, no est\u00e1 cubierto para bajar de peso. Algunos seguros cubren las inyecciones de Wegovy para bajar de peso, pero es dif\u00edcil obtenerlas debido a la escasez nacional de inyecciones de Wegovy.Estudios han demostrado que las inyecciones de Semaglutida para la p\u00e9rdida de peso han ayudado a los pacientes a perder m\u00e1s del 15% de su peso (m\u00e1s de 30 libras para una persona con un peso promedio de 200 libras).Este logro [&hellip;]<\/p>\n","protected":false},"author":1,"featured_media":0,"parent":0,"menu_order":0,"comment_status":"closed","ping_status":"closed","template":"","meta":{"_et_pb_use_builder":"on","_et_pb_old_content":"","_et_gb_content_width":"","_trash_the_other_posts":false,"editor_notices":[],"footnotes":""},"class_list":["post-451","page","type-page","status-publish","hentry"],"_links":{"self":[{"href":"https:\/\/waylessweightloss.com\/es\/wp-json\/wp\/v2\/pages\/451","targetHints":{"allow":["GET"]}}],"collection":[{"href":"https:\/\/waylessweightloss.com\/es\/wp-json\/wp\/v2\/pages"}],"about":[{"href":"https:\/\/waylessweightloss.com\/es\/wp-json\/wp\/v2\/types\/page"}],"author":[{"embeddable":true,"href":"https:\/\/waylessweightloss.com\/es\/wp-json\/wp\/v2\/users\/1"}],"replies":[{"embeddable":true,"href":"https:\/\/waylessweightloss.com\/es\/wp-json\/wp\/v2\/comments?post=451"}],"version-history":[{"count":16,"href":"https:\/\/waylessweightloss.com\/es\/wp-json\/wp\/v2\/pages\/451\/revisions"}],"predecessor-version":[{"id":356882,"href":"https:\/\/waylessweightloss.com\/es\/wp-json\/wp\/v2\/pages\/451\/revisions\/356882"}],"wp:attachment":[{"href":"https:\/\/waylessweightloss.com\/es\/wp-json\/wp\/v2\/media?parent=451"}],"curies":[{"name":"wp","href":"https:\/\/api.w.org\/{rel}","templated":true}]}}