{"id":452,"date":"2023-11-09T11:16:44","date_gmt":"2023-11-09T17:16:44","guid":{"rendered":"https:\/\/waylessweightloss.com\/?page_id=452"},"modified":"2024-03-03T00:14:53","modified_gmt":"2024-03-03T06:14:53","slug":"inyecciones-tirzepatida-zepbound-mounjaro","status":"publish","type":"page","link":"https:\/\/waylessweightloss.com\/es\/inyecciones-tirzepatida-zepbound-mounjaro\/","title":{"rendered":"Inyecciones Tirzepatida, Zepbound y Mounjaro &#8211; Inyecciones"},"content":{"rendered":"<p>[et_pb_section fb_built=\u00bb1&#8243; admin_label=\u00bbHeader\u00bb _builder_version=\u00bb4.23.1&#8243; _module_preset=\u00bbdefault\u00bb background_color=\u00bb#eff4fd\u00bb custom_padding=\u00bb|0px||||\u00bb bottom_divider_style=\u00bbarrow2&#8243; bottom_divider_color=\u00bb#FFFFFF\u00bb locked=\u00bboff\u00bb global_colors_info=\u00bb{}\u00bb][et_pb_row column_structure=\u00bb1_2,1_2&#8243; _builder_version=\u00bb4.23.1&#8243; _module_preset=\u00bbdefault\u00bb custom_margin=\u00bb-57px|auto|0px|auto|false|false\u00bb custom_margin_tablet=\u00bb||0px||false|false\u00bb custom_margin_phone=\u00bb\u00bb custom_margin_last_edited=\u00bbon|phone\u00bb custom_padding=\u00bb0px||0px||false|false\u00bb locked=\u00bboff\u00bb global_colors_info=\u00bb{}\u00bb][et_pb_column type=\u00bb1_2&#8243; _builder_version=\u00bb4.16&#8243; _module_preset=\u00bbdefault\u00bb custom_padding=\u00bb6%||||false|false\u00bb global_colors_info=\u00bb{}\u00bb][et_pb_text _builder_version=\u00bb4.24.2&#8243; _module_preset=\u00bbdefault\u00bb header_font=\u00bbRozha One R||||||||\u00bb header_text_color=\u00bb#003E51&#8243; header_font_size=\u00bb65px\u00bb header_line_height=\u00bb1.1em\u00bb header_2_font=\u00bbRoboto|700||on|||||\u00bb header_2_text_color=\u00bbrgba(44,44,44,0.5)\u00bb header_2_font_size=\u00bb12px\u00bb header_2_letter_spacing=\u00bb1px\u00bb header_2_line_height=\u00bb1.3em\u00bb custom_margin=\u00bb0px||0px||false|false\u00bb custom_padding=\u00bb0px||0px||false|false\u00bb text_font_size_tablet=\u00bb\u00bb text_font_size_phone=\u00bb\u00bb text_font_size_last_edited=\u00bbon|desktop\u00bb header_font_size_tablet=\u00bb44px\u00bb header_font_size_phone=\u00bb32px\u00bb header_font_size_last_edited=\u00bbon|phone\u00bb global_colors_info=\u00bb{}\u00bb]<\/p>\n<h1><span><span style=\"color: #332fd0;\">Tirzepatida<\/span> y <span style=\"color: #ff7753;\">Mounjaro<\/span> Shots &#8211; Inyecciones<\/span><\/h1>\n<p>[\/et_pb_text][et_pb_text _builder_version=\u00bb4.24.2&#8243; _module_preset=\u00bbfb3d65bf-a8b3-4897-95f4-4b2325e4d896&#8243; text_font=\u00bb||||||||\u00bb text_text_color=\u00bb#052F3F\u00bb text_font_size=\u00bb19px\u00bb text_line_height=\u00bb1.8em\u00bb link_text_color=\u00bb#003E51&#8243; text_font_size_tablet=\u00bb\u00bb text_font_size_phone=\u00bb\u00bb text_font_size_last_edited=\u00bbon|desktop\u00bb global_colors_info=\u00bb{}\u00bb]<\/p>\n<p><span>Inyecciones semanales de Tirzepatida, el medicamento activo en las inyecciones de Mounjaro, recetadas para tratar la obesidad.<\/span><\/p>\n<p>[\/et_pb_text][\/et_pb_column][et_pb_column type=\u00bb1_2&#8243; _builder_version=\u00bb4.16&#8243; _module_preset=\u00bbdefault\u00bb global_colors_info=\u00bb{}\u00bb][et_pb_image src=\u00bbhttps:\/\/waylessweightloss.com\/wp-content\/uploads\/sites\/3\/2023\/11\/Mounjaro-and-Tirzepatide-weight-loss-injections.png\u00bb alt=\u00bbTirzepatide, zepbound and Mounjaro shots for weight-loss\u00bb title_text=\u00bbTirzepatide, zepbound and Mounjaro shots for weight-loss\u00bb _builder_version=\u00bb4.23.1&#8243; _module_preset=\u00bbdefault\u00bb custom_margin=\u00bb60px||||false|false\u00bb global_colors_info=\u00bb{}\u00bb][\/et_pb_image][\/et_pb_column][\/et_pb_row][\/et_pb_section][et_pb_section fb_built=\u00bb1&#8243; admin_label=\u00bbServices\u00bb _builder_version=\u00bb4.23.1&#8243; _module_preset=\u00bbdefault\u00bb background_color=\u00bbRGBA(255,255,255,0)\u00bb custom_padding=\u00bb41px||0px|||\u00bb global_colors_info=\u00bb{}\u00bb][et_pb_row _builder_version=\u00bb4.23.1&#8243; _module_preset=\u00bbdefault\u00bb global_colors_info=\u00bb{}\u00bb][et_pb_column type=\u00bb4_4&#8243; _builder_version=\u00bb4.23.1&#8243; _module_preset=\u00bbdefault\u00bb global_colors_info=\u00bb{}\u00bb][et_pb_text admin_label=\u00bbText\u00bb _builder_version=\u00bb4.24.2&#8243; _module_preset=\u00bbdefault\u00bb header_2_font=\u00bbRozha One R||||||||\u00bb header_2_text_align=\u00bbcenter\u00bb header_2_font_size=\u00bb45px\u00bb global_colors_info=\u00bb{}\u00bb]<\/p>\n<h2><span>Cuando las inyecciones de Mounjaro parecen inalcanzables, lo tenemos cubierto con inyecciones <span style=\"color: #ff7753;\">asequibles<\/span> de <span style=\"color: #332fd0;\">Tirzepatida<\/span>.<\/span><\/h2>\n<p>[\/et_pb_text][\/et_pb_column][\/et_pb_row][\/et_pb_section][et_pb_section fb_built=\u00bb1&#8243; admin_label=\u00bbFeature\u00bb _builder_version=\u00bb4.23.1&#8243; _module_preset=\u00bbdefault\u00bb background_color=\u00bb#EBF1FC\u00bb use_background_color_gradient=\u00bbon\u00bb background_color_gradient_direction=\u00bb90deg\u00bb background_color_gradient_stops=\u00bbrgba(0,0,0,0.08) 30%|rgba(0,0,0,0) 30%\u00bb background_color_gradient_start=\u00bbrgba(0,0,0,0.08)\u00bb background_color_gradient_start_position=\u00bb30%\u00bb background_color_gradient_end=\u00bbrgba(0,0,0,0)\u00bb background_color_gradient_end_position=\u00bb30%\u00bb custom_padding=\u00bb8vw||||false|false\u00bb top_divider_style=\u00bbarrow2&#8243; top_divider_color=\u00bb#FFFFFF\u00bb top_divider_height=\u00bb90px\u00bb locked=\u00bboff\u00bb global_colors_info=\u00bb{}\u00bb][et_pb_row column_structure=\u00bb1_2,1_2&#8243; _builder_version=\u00bb4.16&#8243; _module_preset=\u00bbdefault\u00bb locked=\u00bboff\u00bb global_colors_info=\u00bb{}\u00bb][et_pb_column type=\u00bb1_2&#8243; _builder_version=\u00bb4.16&#8243; _module_preset=\u00bbdefault\u00bb global_colors_info=\u00bb{}\u00bb][et_pb_image src=\u00bbhttps:\/\/waylessweightloss.com\/wp-content\/uploads\/sites\/3\/2023\/11\/ozempic-weight-loss-shots.png\u00bb alt=\u00bbozempic weight loss shots\u00bb title_text=\u00bbozempic weight loss shots\u00bb _builder_version=\u00bb4.23.1&#8243; _module_preset=\u00bbdefault\u00bb background_enable_color=\u00bboff\u00bb width=\u00bb69%\u00bb width_tablet=\u00bb50%\u00bb width_last_edited=\u00bboff|phone\u00bb custom_margin=\u00bb||0px||false|false\u00bb custom_margin_phone=\u00bb|||-100px|false|false\u00bb custom_margin_last_edited=\u00bboff|desktop\u00bb scroll_vertical_motion_enable=\u00bbon\u00bb scroll_vertical_motion=\u00bb0|50|50|100|0.5|0|-0.5&#8243; border_radii=\u00bboff||||\u00bb global_colors_info=\u00bb{}\u00bb][\/et_pb_image][et_pb_image src=\u00bbhttps:\/\/waylessweightloss.com\/wp-content\/uploads\/sites\/3\/2023\/11\/semaglutide-ozempic-shots-for-weight-loss.png\u00bb alt=\u00bbsemaglutide ozempic- shots for weight loss\u00bb title_text=\u00bbsemaglutide ozempic- shots for weight loss\u00bb align=\u00bbright\u00bb align_tablet=\u00bbcenter\u00bb align_last_edited=\u00bboff|desktop\u00bb _builder_version=\u00bb4.23.1&#8243; _module_preset=\u00bbdefault\u00bb positioning=\u00bbrelative\u00bb position_origin_a=\u00bbbottom_right\u00bb width=\u00bb81%\u00bb width_tablet=\u00bb45%\u00bb width_phone=\u00bb70%\u00bb width_last_edited=\u00bboff|desktop\u00bb custom_margin=\u00bb0px||||false|false\u00bb custom_margin_phone=\u00bb-120px|||80px|false|false\u00bb custom_margin_last_edited=\u00bboff|desktop\u00bb scroll_vertical_motion_enable=\u00bbon\u00bb scroll_vertical_motion=\u00bb0|50|50|100|1|0|-1&#8243; border_radii=\u00bboff||||\u00bb global_colors_info=\u00bb{}\u00bb][\/et_pb_image][et_pb_image src=\u00bbhttps:\/\/waylessweightloss.com\/wp-content\/uploads\/sites\/3\/2023\/09\/telehealth-34.png\u00bb title_text=\u00bbtelehealth-34&#8243; align_tablet=\u00bbleft\u00bb align_last_edited=\u00bboff|desktop\u00bb _builder_version=\u00bb4.23.1&#8243; _module_preset=\u00bbdefault\u00bb positioning=\u00bbabsolute\u00bb position_origin_a=\u00bbbottom_right\u00bb vertical_offset=\u00bb-14%\u00bb horizontal_offset=\u00bb-13%\u00bb width=\u00bb32%\u00bb scroll_rotating_enable=\u00bbon\u00bb scroll_rotating=\u00bb0|50|50|100|30\u00b0|0|-30\u00b0\u00bb motion_trigger_start=\u00bbtop\u00bb locked=\u00bboff\u00bb global_colors_info=\u00bb{}\u00bb][\/et_pb_image][et_pb_image src=\u00bbhttps:\/\/waylessweightloss.com\/wp-content\/uploads\/sites\/3\/2023\/09\/telehealth-28.png\u00bb title_text=\u00bbtelehealth-28&#8243; align_tablet=\u00bbleft\u00bb align_phone=\u00bbright\u00bb align_last_edited=\u00bbon|phone\u00bb _builder_version=\u00bb4.23.1&#8243; _module_preset=\u00bbdefault\u00bb positioning=\u00bbabsolute\u00bb horizontal_offset=\u00bb-26%\u00bb width=\u00bb21%\u00bb width_tablet=\u00bb50%\u00bb width_phone=\u00bb30%\u00bb width_last_edited=\u00bboff|desktop\u00bb scroll_rotating_enable=\u00bbon\u00bb scroll_rotating=\u00bb0|50|50|100|20\u00b0|15\u00b0|-50\u00b0\u00bb motion_trigger_start=\u00bbbottom\u00bb global_colors_info=\u00bb{}\u00bb][\/et_pb_image][\/et_pb_column][et_pb_column type=\u00bb1_2&#8243; _builder_version=\u00bb4.16&#8243; _module_preset=\u00bbdefault\u00bb global_colors_info=\u00bb{}\u00bb][et_pb_text _builder_version=\u00bb4.24.2&#8243; _module_preset=\u00bbfb3d65bf-a8b3-4897-95f4-4b2325e4d896&#8243; text_text_color=\u00bb#002E3F\u00bb text_line_height=\u00bb1.8em\u00bb link_text_color=\u00bb#003E51&#8243; header_3_font_size=\u00bb30px\u00bb text_font_size_tablet=\u00bb15px\u00bb text_font_size_phone=\u00bb14px\u00bb text_font_size_last_edited=\u00bbon|phone\u00bb global_colors_info=\u00bb{}\u00bb]<\/p>\n<h3>\u00bfC\u00f3mo se diferencian las inyecciones de Tirzepatida de las inyecciones de Mounjaro?<\/h3>\n<p>Las inyecciones de Mounjaro y Tirzepatida contienen el mismo medicamento; Mounjaro es la marca fabricada por Lilly.<\/p>\n<p>&nbsp;<\/p>\n<h3>\u00bfMi seguro cubre las inyecciones de Mounjaro para la p\u00e9rdida de peso?<\/h3>\n<p>Por lo general, las inyecciones de Mounjaro no est\u00e1n cubiertas para la p\u00e9rdida de peso; a menudo est\u00e1n cubiertas por el seguro para el control de la diabetes. Incluso si navega por el proceso de seguro, la escasez generalizada de Mounjaro dificulta su obtenci\u00f3n.<\/p>\n<p>&nbsp;<\/p>\n<p><strong>Tirzepatida viene en una jeringa precargada de un solo uso f\u00e1cil de usar.<\/strong><\/p>\n<p>[\/et_pb_text][\/et_pb_column][\/et_pb_row][\/et_pb_section][et_pb_section fb_built=\u00bb1&#8243; admin_label=\u00bbstats\u00bb _builder_version=\u00bb4.16&#8243; _module_preset=\u00bbdefault\u00bb custom_padding=\u00bb5vw||||false|false\u00bb global_colors_info=\u00bb{}\u00bb][et_pb_row custom_padding_last_edited=\u00bboff|desktop\u00bb _builder_version=\u00bb4.23.1&#8243; _module_preset=\u00bbdefault\u00bb background_color=\u00bb#F7EBFF\u00bb custom_padding_tablet=\u00bb120px||120px|60px|true|false\u00bb custom_padding_phone=\u00bb150px|30px|150px|30px|true|true\u00bb global_colors_info=\u00bb{}\u00bb][et_pb_column type=\u00bb4_4&#8243; _builder_version=\u00bb4.16&#8243; _module_preset=\u00bbdefault\u00bb custom_padding=\u00bb80px|50px|80px|50px|true|false\u00bb custom_padding_tablet=\u00bb120px||120px|60px|true|false\u00bb custom_padding_phone=\u00bb150px|30px|150px|30px|true|true\u00bb custom_padding_last_edited=\u00bbon|tablet\u00bb global_colors_info=\u00bb{}\u00bb][et_pb_image src=\u00bbhttps:\/\/waylessweightloss.com\/wp-content\/uploads\/sites\/3\/2023\/09\/telehealth-33.png\u00bb title_text=\u00bbtelehealth-33&#8243; show_bottom_space=\u00bboff\u00bb align=\u00bbright\u00bb _builder_version=\u00bb4.16&#8243; _module_preset=\u00bbdefault\u00bb positioning=\u00bbabsolute\u00bb position_origin_a=\u00bbtop_right\u00bb vertical_offset=\u00bb-8%\u00bb horizontal_offset=\u00bb-6%\u00bb width=\u00bb17%\u00bb custom_margin=\u00bb||||false|false\u00bb global_colors_info=\u00bb{}\u00bb][\/et_pb_image][et_pb_text _builder_version=\u00bb4.24.2&#8243; _module_preset=\u00bb1da4c4f2-8e53-4788-a9f5-4d073216150a\u00bb header_2_font=\u00bb||||||||\u00bb header_2_text_color=\u00bb#003e51&#8243; header_2_font_size=\u00bb30px\u00bb header_2_line_height=\u00bb1.1em\u00bb text_orientation=\u00bbcenter\u00bb max_width=\u00bb1080px\u00bb module_alignment=\u00bbcenter\u00bb header_2_font_size_tablet=\u00bb34px\u00bb header_2_font_size_phone=\u00bb24px\u00bb header_2_font_size_last_edited=\u00bbon|phone\u00bb locked=\u00bboff\u00bb global_colors_info=\u00bb{}\u00bb]<\/p>\n<h2><span>Estudios han demostrado que las inyecciones de Tirzepatida ayudaron a los pacientes a perder m\u00e1s del 20% de su peso (m\u00e1s de 40 libras para una persona con un peso promedio de 200 libras).<\/span><\/h2>\n<p>[\/et_pb_text][et_pb_text _builder_version=\u00bb4.24.2&#8243; _module_preset=\u00bbfb3d65bf-a8b3-4897-95f4-4b2325e4d896&#8243; text_line_height=\u00bb1.8em\u00bb link_text_color=\u00bb#003E51&#8243; text_orientation=\u00bbcenter\u00bb max_width=\u00bb800px\u00bb module_alignment=\u00bbcenter\u00bb text_font_size_tablet=\u00bb15px\u00bb text_font_size_phone=\u00bb14px\u00bb text_font_size_last_edited=\u00bbon|phone\u00bb locked=\u00bboff\u00bb global_colors_info=\u00bb{}\u00bb]<\/p>\n<p><span>Descubre el poder de las inyecciones de Tirzepatida: Un medicamento de doble acci\u00f3n. Las inyecciones de Tirzepatida adoptan un enfoque \u00fanico al potenciar dos hormonas de tu intestino, GLP-1 (p\u00e9ptido similar al glucag\u00f3n-1) y GIP (p\u00e9ptido insulinotr\u00f3pico dependiente de glucosa), que se liberan naturalmente en respuesta a las comidas. Estas hormonas desempe\u00f1an roles clave en la regulaci\u00f3n del hambre, el metabolismo y la se\u00f1alizaci\u00f3n entre el intestino y el cerebro, influyendo en \u00faltima instancia en la sensaci\u00f3n de saciedad. Esto te ayuda a comer menos y lograr la p\u00e9rdida de peso.<\/span><\/p>\n<p>[\/et_pb_text][et_pb_image src=\u00bbhttps:\/\/waylessweightloss.com\/wp-content\/uploads\/sites\/3\/2023\/09\/telehealth-34.png\u00bb title_text=\u00bbtelehealth-34&#8243; _builder_version=\u00bb4.16&#8243; _module_preset=\u00bbdefault\u00bb positioning=\u00bbabsolute\u00bb position_origin_a=\u00bbbottom_left\u00bb vertical_offset=\u00bb-8%\u00bb horizontal_offset=\u00bb-4%\u00bb width=\u00bb17%\u00bb custom_margin=\u00bb||||false|false\u00bb global_colors_info=\u00bb{}\u00bb][\/et_pb_image][\/et_pb_column][\/et_pb_row][\/et_pb_section][et_pb_section fb_built=\u00bb1&#8243; _builder_version=\u00bb4.23.1&#8243; _module_preset=\u00bbdefault\u00bb global_colors_info=\u00bb{}\u00bb][et_pb_row _builder_version=\u00bb4.23.1&#8243; _module_preset=\u00bbdefault\u00bb global_colors_info=\u00bb{}\u00bb][et_pb_column type=\u00bb4_4&#8243; _builder_version=\u00bb4.23.1&#8243; _module_preset=\u00bbdefault\u00bb global_colors_info=\u00bb{}\u00bb][dsm_faq dsm_make_accordion_toggle=\u00bbon\u00bb dsm_enable_schema_markup=\u00bbon\u00bb dsm_open_bg_color=\u00bbrgba(200,190,251,0.29)\u00bb dsm_close_bg_color=\u00bb#EBF1FC\u00bb dsm_open_font_icon=\u00bb&#xf068;||fa||900&#8243; dsm_close_font_icon=\u00bb&#xf067;||fa||900&#8243; dsm_open_icon_bg_color=\u00bbRGBA(255,255,255,0)\u00bb dsm_open_icon_color=\u00bb#332FD0&#8243; dsm_close_icon_color=\u00bb#332FD0&#8243; dsm_animate_icon=\u00bbon\u00bb dsm_icon_placement=\u00bbright\u00bb _builder_version=\u00bb4.24.2&#8243; _module_preset=\u00bbdefault\u00bb header_level=\u00bbh3&#8243; header_text_color=\u00bb#332FD0&#8243; header_font_size=\u00bb22px\u00bb header_line_height=\u00bb1.4em\u00bb closed_header_text_color=\u00bb#052F3F\u00bb global_colors_info=\u00bb{}\u00bb][dsm_faq_child dsm_title=\u00bb\u00bfQu\u00e9 son las inyecciones para la p\u00e9rdida de peso Mounjaro?\u00bb dsm_content=\u00bb<\/p>\n<p><span>Mounjaro es el nombre de marca para Tirzepatida de Eli Lilly, utilizado para la diabetes y se ha empleado de manera no autorizada para la p\u00e9rdida de peso.<\/span><\/p>\n<p>\u00bb _builder_version=\u00bb4.24.2&#8243; _module_preset=\u00bbdefault\u00bb global_colors_info=\u00bb{}\u00bb][\/dsm_faq_child][dsm_faq_child dsm_title=\u00bb\u00bfCu\u00e1les son los sitios de inyecci\u00f3n de Tirzepatida?\u00bb dsm_content=\u00bb<\/p>\n<p><span>El lugar de la inyecci\u00f3n de Mounjaro puede ser en el est\u00f3mago (abdomen), muslos o en la parte posterior del brazo superior.<\/span><\/p>\n<p>\u00bb _builder_version=\u00bb4.24.2&#8243; _module_preset=\u00bbdefault\u00bb global_colors_info=\u00bb{}\u00bb][\/dsm_faq_child][dsm_faq_child dsm_title=\u00bb\u00bfCu\u00e1l es la dosis de Tirzepatida para la p\u00e9rdida de peso?\u00bb dsm_content=\u00bb<\/p>\n<p><span>En las primeras 4 semanas, la dosis es de 2.5 mg. Despu\u00e9s de eso, puede aumentarla en 2.5 mg cada mes hasta alcanzar la dosis m\u00e1xima de 15 mg por semana.<\/span><\/p>\n<p>\u00bb _builder_version=\u00bb4.24.2&#8243; _module_preset=\u00bbdefault\u00bb global_colors_info=\u00bb{}\u00bb][\/dsm_faq_child][dsm_faq_child dsm_title=\u00bb\u00bfCu\u00e1l es el mejor lugar para inyectar Mounjaro, Tirzepatida o Zepbound?\u00bb dsm_content=\u00bb<\/p>\n<p><span>Los muslos son el mejor lugar para inyectar Mounjaro, Tirzepatida y Zepbound, ya que causan menos hematomas y los pacientes informan de menos efectos secundarios cuando se inyectan en los muslos en comparaci\u00f3n con el est\u00f3mago.<\/span><\/p>\n<p>\u00bb _builder_version=\u00bb4.24.2&#8243; _module_preset=\u00bbdefault\u00bb global_colors_info=\u00bb{}\u00bb][\/dsm_faq_child][dsm_faq_child dsm_title=\u00bb\u00bfQu\u00e9 son las inyecciones para la p\u00e9rdida de peso Mounjaro?\u00bb dsm_content=\u00bb<\/p>\n<p><span>\u00bfQu\u00e9 son las inyecciones para la p\u00e9rdida de peso Mounjaro? Mounjaro es un medicamento recetado inyectable llamado Tirzepatida, utilizado para mejorar el nivel de az\u00facar en la sangre (glucosa) en adultos con diabetes mellitus tipo 2 y para la p\u00e9rdida de peso.<\/span><\/p>\n<p>\u00bb _builder_version=\u00bb4.24.2&#8243; _module_preset=\u00bbdefault\u00bb global_colors_info=\u00bb{}\u00bb][\/dsm_faq_child][dsm_faq_child dsm_title=\u00bb\u00bfCu\u00e1l es el medicamento para la p\u00e9rdida de peso de Eli Lilly?\u00bb dsm_content=\u00bb<\/p>\n<p><span>El medicamento para la p\u00e9rdida de peso de Eli Lilly es Zepbound, un nombre de marca de Eli Lilly para Tirzepatida utilizado para la p\u00e9rdida de peso.<\/span><\/p>\n<p>\u00bb _builder_version=\u00bb4.24.2&#8243; _module_preset=\u00bbdefault\u00bb global_colors_info=\u00bb{}\u00bb][\/dsm_faq_child][dsm_faq_child dsm_title=\u00bb\u00bfCu\u00e1l es el medicamento de Eli Lilly para la p\u00e9rdida de peso?\u00bb dsm_content=\u00bb<\/p>\n<p><span>La marca de Eli Lilly es Mounjaro para la diabetes y Zepbound para la p\u00e9rdida de peso.<\/span><\/p>\n<p>\u00bb _builder_version=\u00bb4.24.2&#8243; _module_preset=\u00bbdefault\u00bb global_colors_info=\u00bb{}\u00bb][\/dsm_faq_child][dsm_faq_child dsm_title=\u00bb\u00bfPuedo obtener una receta de tirzepatida en l\u00ednea?\u00bb dsm_content=\u00bb<\/p>\n<p><span>Ofrecemos consultas virtuales y enviamos las inyecciones de tirzepatida con receta a tu hogar.<\/span><\/p>\n<p>\u00a0<\/p>\n<p>\u00bb _builder_version=\u00bb4.24.2&#8243; _module_preset=\u00bbdefault\u00bb global_colors_info=\u00bb{}\u00bb][\/dsm_faq_child][dsm_faq_child dsm_title=\u00bb\u00bfCu\u00e1l es la diferencia entre la inyecci\u00f3n Mounjaro para la p\u00e9rdida de peso y la inyecci\u00f3n de Tirzepatida?\u00bb dsm_content=\u00bb<\/p>\n<p><span>Tirzepatida es el nombre gen\u00e9rico (ingrediente activo) de Mounjaro.<\/span><\/p>\n<p>\u00bb _builder_version=\u00bb4.24.2&#8243; _module_preset=\u00bbdefault\u00bb global_colors_info=\u00bb{}\u00bb][\/dsm_faq_child][dsm_faq_child dsm_title=\u00bb\u00bfCu\u00e1l es el mejor momento para inyectar Tirzepatida?\u00bb dsm_content=\u00bb<\/p>\n<p><span>Elige el mejor momento que te funcione y selecciona un d\u00eda que puedas recordar f\u00e1cilmente cada semana. Seg\u00fan la experiencia del Dr. Nakawa con muchos pacientes que toman Mounjaro, algunas sugerencias a considerar incluyen inyectarlo por la ma\u00f1ana despu\u00e9s de comer una comida muy ligera.<\/span><\/p>\n<p>\u00bb _builder_version=\u00bb4.24.2&#8243; _module_preset=\u00bbdefault\u00bb global_colors_info=\u00bb{}\u00bb][\/dsm_faq_child][dsm_faq_child dsm_title=\u00bb\u00bfCu\u00e1les son los efectos secundarios de la inyecci\u00f3n de Tirzepatida o Mounjaro?\u00bb dsm_content=\u00bb<\/p>\n<p><span>La mayor\u00eda de los pacientes toleran bien la Tirzepatida con efectos secundarios m\u00ednimos o nulos. El efecto secundario principal es la n\u00e1usea al comienzo del tratamiento, que suele disminuir con el tiempo. Otros posibles efectos secundarios incluyen estre\u00f1imiento, dolor de cabeza, cansancio (fatiga), malestar estomacal, sensaci\u00f3n de hinchaz\u00f3n y eructos.<\/span><\/p>\n<p>\u00bb _builder_version=\u00bb4.24.2&#8243; _module_preset=\u00bbdefault\u00bb global_colors_info=\u00bb{}\u00bb][\/dsm_faq_child][dsm_faq_child dsm_title=\u00bb\u00bfC\u00f3mo funciona Tirzepatida?\u00bb dsm_content=\u00bb<\/p>\n<p><span>Tirzepatida tiene una acci\u00f3n dual. Potencia dos hormonas intestinales, GLP-1 y GIP, liberadas durante las comidas. Estas hormonas ayudan a controlar el hambre, el metabolismo y la comunicaci\u00f3n entre el intestino y el cerebro, haci\u00e9ndote sentir lleno. Esto facilita comer menos y perder peso.<\/span><\/p>\n<p>\u00bb _builder_version=\u00bb4.24.2&#8243; _module_preset=\u00bbdefault\u00bb global_colors_info=\u00bb{}\u00bb][\/dsm_faq_child][dsm_faq_child dsm_title=\u00bb\u00bfCu\u00e1l es el precio de la p\u00e9rdida de peso con Tirzepatida?\u00bb dsm_content=\u00bb<\/p>\n<p><span>Dosis inicial de Tirzepatida: $360\/mes Dosis de mantenimiento de Tirzepatida: $500\/mes Dosis m\u00e1xima de Tirzepatida: $590\/mes<\/span><\/p>\n<p>\u00bb _builder_version=\u00bb4.24.2&#8243; _module_preset=\u00bbdefault\u00bb global_colors_info=\u00bb{}\u00bb][\/dsm_faq_child][\/dsm_faq][\/et_pb_column][\/et_pb_row][\/et_pb_section]<\/p>\n","protected":false},"excerpt":{"rendered":"<p>Tirzepatida y Mounjaro Shots &#8211; InyeccionesInyecciones semanales de Tirzepatida, el medicamento activo en las inyecciones de Mounjaro, recetadas para tratar la obesidad.Cuando las inyecciones de Mounjaro parecen inalcanzables, lo tenemos cubierto con inyecciones asequibles de Tirzepatida.\u00bfC\u00f3mo se diferencian las inyecciones de Tirzepatida de las inyecciones de Mounjaro? Las inyecciones de Mounjaro y Tirzepatida contienen el mismo medicamento; Mounjaro es la marca fabricada por Lilly. &nbsp; \u00bfMi seguro cubre las inyecciones de Mounjaro para la p\u00e9rdida de peso? Por lo general, las inyecciones de Mounjaro no est\u00e1n cubiertas para la p\u00e9rdida de peso; a menudo est\u00e1n cubiertas por el seguro para el control de la diabetes. Incluso si navega por el proceso de seguro, la escasez generalizada de Mounjaro dificulta su obtenci\u00f3n. &nbsp; Tirzepatida viene en una jeringa precargada de un solo uso f\u00e1cil de usar.Estudios han demostrado que las inyecciones de Tirzepatida ayudaron a los pacientes a perder m\u00e1s del 20% de su peso (m\u00e1s de 40 libras para una persona con un peso promedio de 200 libras).Descubre el poder de las inyecciones de Tirzepatida: Un medicamento de doble acci\u00f3n. Las inyecciones de Tirzepatida adoptan un enfoque \u00fanico al potenciar dos hormonas de tu intestino, GLP-1 (p\u00e9ptido similar al glucag\u00f3n-1) [&hellip;]<\/p>\n","protected":false},"author":1,"featured_media":0,"parent":0,"menu_order":0,"comment_status":"closed","ping_status":"closed","template":"","meta":{"_et_pb_use_builder":"on","_et_pb_old_content":"","_et_gb_content_width":"","_trash_the_other_posts":false,"editor_notices":[],"footnotes":""},"class_list":["post-452","page","type-page","status-publish","hentry"],"_links":{"self":[{"href":"https:\/\/waylessweightloss.com\/es\/wp-json\/wp\/v2\/pages\/452","targetHints":{"allow":["GET"]}}],"collection":[{"href":"https:\/\/waylessweightloss.com\/es\/wp-json\/wp\/v2\/pages"}],"about":[{"href":"https:\/\/waylessweightloss.com\/es\/wp-json\/wp\/v2\/types\/page"}],"author":[{"embeddable":true,"href":"https:\/\/waylessweightloss.com\/es\/wp-json\/wp\/v2\/users\/1"}],"replies":[{"embeddable":true,"href":"https:\/\/waylessweightloss.com\/es\/wp-json\/wp\/v2\/comments?post=452"}],"version-history":[{"count":5,"href":"https:\/\/waylessweightloss.com\/es\/wp-json\/wp\/v2\/pages\/452\/revisions"}],"predecessor-version":[{"id":356592,"href":"https:\/\/waylessweightloss.com\/es\/wp-json\/wp\/v2\/pages\/452\/revisions\/356592"}],"wp:attachment":[{"href":"https:\/\/waylessweightloss.com\/es\/wp-json\/wp\/v2\/media?parent=452"}],"curies":[{"name":"wp","href":"https:\/\/api.w.org\/{rel}","templated":true}]}}