{"id":454,"date":"2023-11-09T11:16:44","date_gmt":"2023-11-09T17:16:44","guid":{"rendered":"https:\/\/waylessweightloss.com\/?page_id=454"},"modified":"2024-03-16T00:42:11","modified_gmt":"2024-03-16T05:42:11","slug":"pastillas-para-bajar-de-peso-con-fentermina","status":"publish","type":"page","link":"https:\/\/waylessweightloss.com\/es\/pastillas-para-bajar-de-peso-con-fentermina\/","title":{"rendered":"Pastillas para bajar de peso con Fentermina"},"content":{"rendered":"<p>[et_pb_section fb_built=\u00bb1&#8243; admin_label=\u00bbHeader\u00bb _builder_version=\u00bb4.23.1&#8243; _module_preset=\u00bbdefault\u00bb background_color=\u00bb#eff4fd\u00bb custom_padding=\u00bb8px||88px|||\u00bb bottom_divider_style=\u00bbarrow2&#8243; bottom_divider_color=\u00bb#FFFFFF\u00bb locked=\u00bboff\u00bb global_colors_info=\u00bb{}\u00bb][et_pb_row column_structure=\u00bb1_2,1_2&#8243; _builder_version=\u00bb4.23.1&#8243; _module_preset=\u00bbdefault\u00bb custom_margin=\u00bb0px||0px||false|false\u00bb custom_margin_tablet=\u00bb||0px||false|false\u00bb custom_margin_phone=\u00bb\u00bb custom_margin_last_edited=\u00bbon|phone\u00bb custom_padding=\u00bb0px||0px||false|false\u00bb locked=\u00bboff\u00bb global_colors_info=\u00bb{}\u00bb][et_pb_column type=\u00bb1_2&#8243; _builder_version=\u00bb4.16&#8243; _module_preset=\u00bbdefault\u00bb custom_padding=\u00bb6%||||false|false\u00bb global_colors_info=\u00bb{}\u00bb][et_pb_text _builder_version=\u00bb4.24.2&#8243; _module_preset=\u00bbdefault\u00bb header_font=\u00bbRozha One R||||||||\u00bb header_text_color=\u00bb#003E51&#8243; header_font_size=\u00bb65px\u00bb header_line_height=\u00bb1.1em\u00bb header_2_font=\u00bb|700||on|||||\u00bb header_2_text_color=\u00bbrgba(44,44,44,0.5)\u00bb header_2_font_size=\u00bb12px\u00bb header_2_letter_spacing=\u00bb1px\u00bb header_2_line_height=\u00bb1.3em\u00bb custom_margin=\u00bb0px||0px||false|false\u00bb custom_padding=\u00bb0px||0px||false|false\u00bb text_font_size_tablet=\u00bb\u00bb text_font_size_phone=\u00bb\u00bb text_font_size_last_edited=\u00bbon|desktop\u00bb header_font_size_tablet=\u00bb44px\u00bb header_font_size_phone=\u00bb32px\u00bb header_font_size_last_edited=\u00bbon|phone\u00bb global_colors_info=\u00bb{}\u00bb]<\/p>\n<h1><span><span style=\"color: #332fd0;\">Pastillas<\/span> para bajar de peso con <span style=\"color: #ff7753;\">Fentermina<\/span><\/span><\/h1>\n<p>[\/et_pb_text][et_pb_text _builder_version=\u00bb4.24.2&#8243; _module_preset=\u00bbfb3d65bf-a8b3-4897-95f4-4b2325e4d896&#8243; text_font=\u00bb||||||||\u00bb text_text_color=\u00bb#052F3F\u00bb text_font_size=\u00bb19px\u00bb text_line_height=\u00bb1.8em\u00bb link_text_color=\u00bb#003E51&#8243; text_font_size_tablet=\u00bb\u00bb text_font_size_phone=\u00bb\u00bb text_font_size_last_edited=\u00bbon|desktop\u00bb global_colors_info=\u00bb{}\u00bb]<\/p>\n<p><span>Transforma Tu Cuerpo: Descubre el Viaje Definitivo de P\u00e9rdida de Peso con Nuestro Exclusivo Programa de Cl\u00ednica de P\u00e9rdida de Peso con Fentermina y Pastillas para Bajar de Peso.<\/span><\/p>\n<p>[\/et_pb_text][\/et_pb_column][et_pb_column type=\u00bb1_2&#8243; _builder_version=\u00bb4.16&#8243; _module_preset=\u00bbdefault\u00bb global_colors_info=\u00bb{}\u00bb][et_pb_image src=\u00bbhttps:\/\/waylessweightloss.com\/es\/wp-content\/uploads\/sites\/3\/2023\/11\/Phentermine-weight-loss-Medication.png\u00bb alt=\u00bbPastillas para bajar de peso con Fentermina\u00bb title_text=\u00bbPastillas para bajar de peso con Fentermina\u00bb _builder_version=\u00bb4.24.2&#8243; _module_preset=\u00bbdefault\u00bb custom_margin=\u00bb60px||||false|false\u00bb hover_enabled=\u00bb0&#8243; global_colors_info=\u00bb{}\u00bb sticky_enabled=\u00bb0&#8243;][\/et_pb_image][\/et_pb_column][\/et_pb_row][\/et_pb_section][et_pb_section fb_built=\u00bb1&#8243; admin_label=\u00bbServices\u00bb _builder_version=\u00bb4.23.1&#8243; _module_preset=\u00bbdefault\u00bb background_color=\u00bbRGBA(255,255,255,0)\u00bb custom_padding=\u00bb||1px|||\u00bb global_colors_info=\u00bb{}\u00bb][et_pb_row _builder_version=\u00bb4.23.1&#8243; _module_preset=\u00bbdefault\u00bb global_colors_info=\u00bb{}\u00bb][et_pb_column type=\u00bb4_4&#8243; _builder_version=\u00bb4.23.1&#8243; _module_preset=\u00bbdefault\u00bb global_colors_info=\u00bb{}\u00bb][et_pb_text admin_label=\u00bbText\u00bb _builder_version=\u00bb4.24.2&#8243; _module_preset=\u00bbdefault\u00bb header_2_font=\u00bbRozha One R||||||||\u00bb header_2_text_align=\u00bbcenter\u00bb header_2_font_size=\u00bb45px\u00bb global_colors_info=\u00bb{}\u00bb]<\/p>\n<h2><span>Fentermina, Adipex y Lomaira: Pastillas para Bajar de Peso para la P\u00e9rdida de Peso.<\/span><\/h2>\n<p>[\/et_pb_text][\/et_pb_column][\/et_pb_row][\/et_pb_section][et_pb_section fb_built=\u00bb1&#8243; admin_label=\u00bbFeature\u00bb _builder_version=\u00bb4.23.1&#8243; _module_preset=\u00bbdefault\u00bb background_color=\u00bb#EBF1FC\u00bb use_background_color_gradient=\u00bbon\u00bb background_color_gradient_direction=\u00bb90deg\u00bb background_color_gradient_stops=\u00bbrgba(0,0,0,0.08) 30%|rgba(0,0,0,0) 30%\u00bb background_color_gradient_start=\u00bbrgba(0,0,0,0.08)\u00bb background_color_gradient_start_position=\u00bb30%\u00bb background_color_gradient_end=\u00bbrgba(0,0,0,0)\u00bb background_color_gradient_end_position=\u00bb30%\u00bb custom_padding=\u00bb8vw||||false|false\u00bb top_divider_style=\u00bbarrow2&#8243; top_divider_color=\u00bb#FFFFFF\u00bb top_divider_height=\u00bb90px\u00bb locked=\u00bboff\u00bb global_colors_info=\u00bb{}\u00bb][et_pb_row column_structure=\u00bb1_2,1_2&#8243; _builder_version=\u00bb4.23.1&#8243; _module_preset=\u00bbdefault\u00bb custom_padding=\u00bb||20px||false|false\u00bb locked=\u00bboff\u00bb global_colors_info=\u00bb{}\u00bb][et_pb_column type=\u00bb1_2&#8243; _builder_version=\u00bb4.16&#8243; _module_preset=\u00bbdefault\u00bb global_colors_info=\u00bb{}\u00bb][et_pb_image src=\u00bbhttps:\/\/waylessweightloss.com\/wp-content\/uploads\/sites\/3\/2023\/11\/Phentermine-weight-loss-Medication-2.png\u00bb alt=\u00bbPhentermine weight loss Medication Pills\u00bb title_text=\u00bbPhentermine weight loss Medication Pills\u00bb show_bottom_space=\u00bboff\u00bb align=\u00bbcenter\u00bb align_tablet=\u00bbcenter\u00bb align_last_edited=\u00bboff|desktop\u00bb _builder_version=\u00bb4.23.1&#8243; _module_preset=\u00bbdefault\u00bb positioning=\u00bbrelative\u00bb position_origin_a=\u00bbbottom_right\u00bb width=\u00bb100%\u00bb width_tablet=\u00bb45%\u00bb width_phone=\u00bb70%\u00bb width_last_edited=\u00bboff|desktop\u00bb custom_margin=\u00bb0px||||false|false\u00bb custom_margin_phone=\u00bb-120px|||80px|false|false\u00bb custom_margin_last_edited=\u00bboff|desktop\u00bb scroll_vertical_motion=\u00bb0|50|50|100|1|0|-1&#8243; border_radii=\u00bboff||||\u00bb global_colors_info=\u00bb{}\u00bb][\/et_pb_image][et_pb_image src=\u00bbhttps:\/\/waylessweightloss.com\/wp-content\/uploads\/sites\/3\/2023\/11\/ozempic-weight-loss-shots.png\u00bb alt=\u00bbozempic weight loss shots\u00bb title_text=\u00bbozempic weight loss shots\u00bb _builder_version=\u00bb4.23.1&#8243; _module_preset=\u00bbdefault\u00bb width=\u00bb72%\u00bb custom_margin=\u00bb20px||||false|false\u00bb global_colors_info=\u00bb{}\u00bb][\/et_pb_image][\/et_pb_column][et_pb_column type=\u00bb1_2&#8243; _builder_version=\u00bb4.16&#8243; _module_preset=\u00bbdefault\u00bb global_colors_info=\u00bb{}\u00bb][et_pb_text _builder_version=\u00bb4.24.2&#8243; _module_preset=\u00bbfb3d65bf-a8b3-4897-95f4-4b2325e4d896&#8243; text_text_color=\u00bb#002E3F\u00bb text_line_height=\u00bb1.8em\u00bb link_text_color=\u00bb#003E51&#8243; header_3_font_size=\u00bb30px\u00bb text_font_size_tablet=\u00bb15px\u00bb text_font_size_phone=\u00bb14px\u00bb text_font_size_last_edited=\u00bbon|phone\u00bb global_colors_info=\u00bb{}\u00bb]<\/p>\n<p>La Fentermina, Adipex y Lomaira son medicamentos recetados que ayudan a controlar el apetito, a sentirse lleno por m\u00e1s tiempo y a consumir menos calor\u00edas mediante el uso de pastillas para bajar de peso.<\/p>\n<p>La Fentermina fue uno de los medicamentos para bajar de peso m\u00e1s com\u00fanmente utilizados hasta el descubrimiento de nuevas inyecciones para bajar de peso con GLP-1, como Ozempic, Wegovy, Semaglutida, Mounjaro y Tirazepatida. Debido a su asequibilidad, sigue siendo una buena opci\u00f3n, especialmente cuando se combina con Topiramato. Esta combinaci\u00f3n se conoce como Qsymia.<\/p>\n<p>[\/et_pb_text][et_pb_text _builder_version=\u00bb4.24.2&#8243; _module_preset=\u00bbdefault\u00bb header_3_font_size=\u00bb24px\u00bb custom_margin=\u00bb||30px||false|false\u00bb custom_padding=\u00bb||30px||false|false\u00bb global_colors_info=\u00bb{}\u00bb]<\/p>\n<h3><span>\u00bfCu\u00e1l es la diferencia entre la fentermina y Qsymia, ambas pastillas para bajar de peso?<\/span><\/h3>\n<p>&nbsp;<\/p>\n<p><span>Qsymia es una combinaci\u00f3n de fentermina y topiramato. Es una combinaci\u00f3n cl\u00ednicamente probada para el tratamiento a largo plazo para bajar de peso. Este medicamento combinado est\u00e1 aprobado para su uso a largo plazo.<\/span><\/p>\n<p>&nbsp;<\/p>\n<h3>\u00bfCu\u00e1ndo deber\u00eda evitar la fentermina?<\/h3>\n<p>&nbsp;<\/p>\n<p>Si tienes enfermedad card\u00edaca o hipertensi\u00f3n no controlada.<\/p>\n<p>[\/et_pb_text][\/et_pb_column][\/et_pb_row][\/et_pb_section][et_pb_section fb_built=\u00bb1&#8243; admin_label=\u00bbstats\u00bb _builder_version=\u00bb4.16&#8243; _module_preset=\u00bbdefault\u00bb custom_padding=\u00bb5vw||||false|false\u00bb global_colors_info=\u00bb{}\u00bb][et_pb_row custom_padding_last_edited=\u00bboff|desktop\u00bb _builder_version=\u00bb4.23.1&#8243; _module_preset=\u00bbdefault\u00bb background_color=\u00bb#F7EBFF\u00bb custom_padding_tablet=\u00bb120px||120px|60px|true|false\u00bb custom_padding_phone=\u00bb150px|30px|150px|30px|true|true\u00bb global_colors_info=\u00bb{}\u00bb][et_pb_column type=\u00bb4_4&#8243; _builder_version=\u00bb4.16&#8243; _module_preset=\u00bbdefault\u00bb custom_padding=\u00bb80px|50px|80px|50px|true|false\u00bb custom_padding_tablet=\u00bb120px||120px|60px|true|false\u00bb custom_padding_phone=\u00bb150px|30px|150px|30px|true|true\u00bb custom_padding_last_edited=\u00bbon|tablet\u00bb global_colors_info=\u00bb{}\u00bb][et_pb_image src=\u00bbhttps:\/\/waylessweightloss.com\/wp-content\/uploads\/sites\/3\/2023\/09\/telehealth-33.png\u00bb title_text=\u00bbtelehealth-33&#8243; show_bottom_space=\u00bboff\u00bb align=\u00bbright\u00bb _builder_version=\u00bb4.16&#8243; _module_preset=\u00bbdefault\u00bb positioning=\u00bbabsolute\u00bb position_origin_a=\u00bbtop_right\u00bb vertical_offset=\u00bb-8%\u00bb horizontal_offset=\u00bb-6%\u00bb width=\u00bb17%\u00bb custom_margin=\u00bb||||false|false\u00bb global_colors_info=\u00bb{}\u00bb][\/et_pb_image][et_pb_text _builder_version=\u00bb4.24.2&#8243; _module_preset=\u00bb1da4c4f2-8e53-4788-a9f5-4d073216150a\u00bb header_2_font=\u00bb||||||||\u00bb header_2_text_color=\u00bb#003e51&#8243; header_2_font_size=\u00bb30px\u00bb header_2_line_height=\u00bb1.1em\u00bb text_orientation=\u00bbcenter\u00bb max_width=\u00bb1080px\u00bb module_alignment=\u00bbcenter\u00bb header_2_font_size_tablet=\u00bb34px\u00bb header_2_font_size_phone=\u00bb24px\u00bb header_2_font_size_last_edited=\u00bbon|phone\u00bb locked=\u00bboff\u00bb global_colors_info=\u00bb{}\u00bb]<\/p>\n<h2><span>La fentermina fue uno de los medicamentos para la p\u00e9rdida de peso m\u00e1s com\u00fanmente utilizados hasta el descubrimiento de nuevas inyecciones para la p\u00e9rdida de peso con GLP-1, como Ozempic, Wegovy, Semaglutida, Mounjaro y Tirazepatida.<\/span><\/h2>\n<p>[\/et_pb_text][et_pb_image src=\u00bbhttps:\/\/waylessweightloss.com\/wp-content\/uploads\/sites\/3\/2023\/09\/telehealth-34.png\u00bb title_text=\u00bbtelehealth-34&#8243; _builder_version=\u00bb4.16&#8243; _module_preset=\u00bbdefault\u00bb positioning=\u00bbabsolute\u00bb position_origin_a=\u00bbbottom_left\u00bb vertical_offset=\u00bb-8%\u00bb horizontal_offset=\u00bb-4%\u00bb width=\u00bb17%\u00bb custom_margin=\u00bb||||false|false\u00bb global_colors_info=\u00bb{}\u00bb][\/et_pb_image][\/et_pb_column][\/et_pb_row][\/et_pb_section][et_pb_section fb_built=\u00bb1&#8243; _builder_version=\u00bb4.23.1&#8243; _module_preset=\u00bbdefault\u00bb global_colors_info=\u00bb{}\u00bb][et_pb_row _builder_version=\u00bb4.23.1&#8243; _module_preset=\u00bbdefault\u00bb global_colors_info=\u00bb{}\u00bb][et_pb_column type=\u00bb4_4&#8243; _builder_version=\u00bb4.23.1&#8243; _module_preset=\u00bbdefault\u00bb global_colors_info=\u00bb{}\u00bb][dsm_faq dsm_make_accordion_toggle=\u00bbon\u00bb dsm_enable_schema_markup=\u00bbon\u00bb dsm_open_bg_color=\u00bbrgba(200,190,251,0.29)\u00bb dsm_close_bg_color=\u00bb#EBF1FC\u00bb dsm_open_font_icon=\u00bb&#xf068;||fa||900&#8243; dsm_close_font_icon=\u00bb&#xf067;||fa||900&#8243; dsm_open_icon_bg_color=\u00bbRGBA(255,255,255,0)\u00bb dsm_open_icon_color=\u00bb#332FD0&#8243; dsm_close_icon_color=\u00bb#332FD0&#8243; dsm_animate_icon=\u00bbon\u00bb dsm_icon_placement=\u00bbright\u00bb _builder_version=\u00bb4.24.2&#8243; _module_preset=\u00bbdefault\u00bb header_level=\u00bbh3&#8243; header_text_color=\u00bb#332FD0&#8243; header_font_size=\u00bb22px\u00bb header_line_height=\u00bb1.4em\u00bb closed_header_text_color=\u00bb#052F3F\u00bb global_colors_info=\u00bb{}\u00bb][dsm_faq_child dsm_title=\u00bb\u00bfPuedo obtener Fentermina sin receta?\u00bb dsm_content=\u00bb<\/p>\n<p><span>No, la Fentermina es una sustancia controlada y obtener Fentermina sin receta es simplemente spam.<\/span><\/p>\n<p>\u00bb _builder_version=\u00bb4.24.2&#8243; _module_preset=\u00bbdefault\u00bb global_colors_info=\u00bb{}\u00bb parentOrderClass=\u00bbdsm_faq_0&#8243;][\/dsm_faq_child][dsm_faq_child dsm_title=\u00bb\u00bfPuedo comprar Fentermina en l\u00ednea?\u00bb dsm_content=\u00bb<\/p>\n<p><span>Obtener Fentermina requiere una receta de un profesional de la salud con licencia.<\/span><\/p>\n<p>\u00bb _builder_version=\u00bb4.24.2&#8243; _module_preset=\u00bbdefault\u00bb global_colors_info=\u00bb{}\u00bb parentOrderClass=\u00bbdsm_faq_0&#8243;][\/dsm_faq_child][dsm_faq_child dsm_title=\u00bb\u00bfOfrecen servicios de m\u00e9dicos en l\u00ednea que recetan fentermina?\u00bb dsm_content=\u00bb<\/p>\n<p><span>S\u00ed, obtenga una receta de fentermina de un m\u00e9dico en l\u00ednea. Nuestro m\u00e9dico puede recetar fentermina en l\u00ednea mediante una consulta virtual.<\/span><\/p>\n<p>\u00bb _builder_version=\u00bb4.24.2&#8243; _module_preset=\u00bbdefault\u00bb global_colors_info=\u00bb{}\u00bb parentOrderClass=\u00bbdsm_faq_0&#8243;][\/dsm_faq_child][dsm_faq_child dsm_title=\u00bb\u00bfQu\u00e9 son las pastillas para adelgazar con fentermina?\u00bb dsm_content=\u00bb<\/p>\n<p><span>La fentermina, la fentermina HCL, las tabletas para adelgazar con fentermina o las tabletas para perder peso con fentermina son diferentes nombres para el mismo medicamento, que es el medicamento m\u00e1s antiguo para perder peso en el mercado. En el pasado, la fentermina era el \u00fanico medicamento para perder peso, y las cl\u00ednicas de p\u00e9rdida de peso sol\u00edan llamarse cl\u00ednicas de p\u00e9rdida de peso con fentermina. Eso cambi\u00f3 despu\u00e9s del descubrimiento de la inyecci\u00f3n de GLP-1.<\/span><\/p>\n<p>\u00bb _builder_version=\u00bb4.24.2&#8243; _module_preset=\u00bbdefault\u00bb global_colors_info=\u00bb{}\u00bb parentOrderClass=\u00bbdsm_faq_0&#8243;][\/dsm_faq_child][dsm_faq_child dsm_title=\u00bb\u00bfQu\u00e9 es la Fentermina Topiramato?\u00bb dsm_content=\u00bb<\/p>\n<p><span>Qsymia es la combinaci\u00f3n de fentermina con topiramato. Es una combinaci\u00f3n cl\u00ednicamente probada para medicamentos de p\u00e9rdida de peso a largo plazo. El medicamento combinado est\u00e1 aprobado para uso a largo plazo.<\/span><\/p>\n<p>\u00bb _builder_version=\u00bb4.24.2&#8243; _module_preset=\u00bbdefault\u00bb global_colors_info=\u00bb{}\u00bb parentOrderClass=\u00bbdsm_faq_0&#8243;][\/dsm_faq_child][dsm_faq_child dsm_title=\u00bb\u00bfCu\u00e1l es la diferencia entre Lomaira y Fentermina?\u00bb dsm_content=\u00bb<\/p>\n<p><span>Lomaira es una marca de tabletas para perder peso con fentermina de 8 mg.<\/span><\/p>\n<p>\u00bb _builder_version=\u00bb4.24.2&#8243; _module_preset=\u00bbdefault\u00bb global_colors_info=\u00bb{}\u00bb parentOrderClass=\u00bbdsm_faq_0&#8243;][\/dsm_faq_child][dsm_faq_child dsm_title=\u00bb\u00bfPuede el topiramato ayudar con la p\u00e9rdida de peso?\u00bb dsm_content=\u00bb<\/p>\n<p><span>La combinaci\u00f3n de fentermina y topiramato en Qsymia hace que sea un medicamento efectivo para perder peso. Por cualquier motivo, su m\u00e9dico podr\u00eda optar por recetarle solo topiramato, y a\u00fan as\u00ed puede perder peso solo con topiramato.<\/span><\/p>\n<p>\u00bb _builder_version=\u00bb4.24.2&#8243; _module_preset=\u00bbdefault\u00bb global_colors_info=\u00bb{}\u00bb parentOrderClass=\u00bbdsm_faq_0&#8243;][\/dsm_faq_child][\/dsm_faq][\/et_pb_column][\/et_pb_row][\/et_pb_section]<\/p>\n","protected":false},"excerpt":{"rendered":"<p>Pastillas para bajar de peso con FenterminaTransforma Tu Cuerpo: Descubre el Viaje Definitivo de P\u00e9rdida de Peso con Nuestro Exclusivo Programa de Cl\u00ednica de P\u00e9rdida de Peso con Fentermina y Pastillas para Bajar de Peso.Fentermina, Adipex y Lomaira: Pastillas para Bajar de Peso para la P\u00e9rdida de Peso.La Fentermina, Adipex y Lomaira son medicamentos recetados que ayudan a controlar el apetito, a sentirse lleno por m\u00e1s tiempo y a consumir menos calor\u00edas mediante el uso de pastillas para bajar de peso. La Fentermina fue uno de los medicamentos para bajar de peso m\u00e1s com\u00fanmente utilizados hasta el descubrimiento de nuevas inyecciones para bajar de peso con GLP-1, como Ozempic, Wegovy, Semaglutida, Mounjaro y Tirazepatida. Debido a su asequibilidad, sigue siendo una buena opci\u00f3n, especialmente cuando se combina con Topiramato. Esta combinaci\u00f3n se conoce como Qsymia.\u00bfCu\u00e1l es la diferencia entre la fentermina y Qsymia, ambas pastillas para bajar de peso? &nbsp; Qsymia es una combinaci\u00f3n de fentermina y topiramato. Es una combinaci\u00f3n cl\u00ednicamente probada para el tratamiento a largo plazo para bajar de peso. Este medicamento combinado est\u00e1 aprobado para su uso a largo plazo. &nbsp; \u00bfCu\u00e1ndo deber\u00eda evitar la fentermina? &nbsp; Si tienes enfermedad card\u00edaca o hipertensi\u00f3n no controlada.La fentermina [&hellip;]<\/p>\n","protected":false},"author":1,"featured_media":0,"parent":0,"menu_order":0,"comment_status":"closed","ping_status":"closed","template":"","meta":{"_et_pb_use_builder":"on","_et_pb_old_content":"","_et_gb_content_width":"","_trash_the_other_posts":false,"editor_notices":[],"footnotes":""},"class_list":["post-454","page","type-page","status-publish","hentry"],"_links":{"self":[{"href":"https:\/\/waylessweightloss.com\/es\/wp-json\/wp\/v2\/pages\/454","targetHints":{"allow":["GET"]}}],"collection":[{"href":"https:\/\/waylessweightloss.com\/es\/wp-json\/wp\/v2\/pages"}],"about":[{"href":"https:\/\/waylessweightloss.com\/es\/wp-json\/wp\/v2\/types\/page"}],"author":[{"embeddable":true,"href":"https:\/\/waylessweightloss.com\/es\/wp-json\/wp\/v2\/users\/1"}],"replies":[{"embeddable":true,"href":"https:\/\/waylessweightloss.com\/es\/wp-json\/wp\/v2\/comments?post=454"}],"version-history":[{"count":8,"href":"https:\/\/waylessweightloss.com\/es\/wp-json\/wp\/v2\/pages\/454\/revisions"}],"predecessor-version":[{"id":356903,"href":"https:\/\/waylessweightloss.com\/es\/wp-json\/wp\/v2\/pages\/454\/revisions\/356903"}],"wp:attachment":[{"href":"https:\/\/waylessweightloss.com\/es\/wp-json\/wp\/v2\/media?parent=454"}],"curies":[{"name":"wp","href":"https:\/\/api.w.org\/{rel}","templated":true}]}}