{"id":455,"date":"2023-11-09T11:16:44","date_gmt":"2023-11-09T17:16:44","guid":{"rendered":"https:\/\/waylessweightloss.com\/?page_id=455"},"modified":"2024-03-03T00:04:15","modified_gmt":"2024-03-03T06:04:15","slug":"pastillas-para-la-perdida-de-peso-qsymia","status":"publish","type":"page","link":"https:\/\/waylessweightloss.com\/es\/pastillas-para-la-perdida-de-peso-qsymia\/","title":{"rendered":"Pastillas para la P\u00e9rdida de Peso Qsymia"},"content":{"rendered":"<p>[et_pb_section fb_built=\u00bb1&#8243; admin_label=\u00bbHeader\u00bb _builder_version=\u00bb4.23.1&#8243; _module_preset=\u00bbdefault\u00bb background_color=\u00bb#eff4fd\u00bb custom_padding=\u00bb7px||37px|||\u00bb bottom_divider_style=\u00bbarrow2&#8243; bottom_divider_color=\u00bb#FFFFFF\u00bb locked=\u00bboff\u00bb global_colors_info=\u00bb{}\u00bb][et_pb_row column_structure=\u00bb1_2,1_2&#8243; _builder_version=\u00bb4.23.1&#8243; _module_preset=\u00bbdefault\u00bb custom_margin=\u00bb0px||0px||false|false\u00bb custom_margin_tablet=\u00bb||0px||false|false\u00bb custom_margin_phone=\u00bb\u00bb custom_margin_last_edited=\u00bbon|phone\u00bb custom_padding=\u00bb0px||0px||false|false\u00bb locked=\u00bboff\u00bb global_colors_info=\u00bb{}\u00bb][et_pb_column type=\u00bb1_2&#8243; _builder_version=\u00bb4.16&#8243; _module_preset=\u00bbdefault\u00bb custom_padding=\u00bb6%||||false|false\u00bb global_colors_info=\u00bb{}\u00bb][et_pb_text _builder_version=\u00bb4.24.2&#8243; _module_preset=\u00bbdefault\u00bb header_font=\u00bbRozha One R||||||||\u00bb header_text_color=\u00bb#003E51&#8243; header_font_size=\u00bb65px\u00bb header_line_height=\u00bb1.1em\u00bb header_2_font=\u00bb|700||on|||||\u00bb header_2_text_color=\u00bbrgba(44,44,44,0.5)\u00bb header_2_font_size=\u00bb12px\u00bb header_2_letter_spacing=\u00bb1px\u00bb header_2_line_height=\u00bb1.3em\u00bb custom_margin=\u00bb0px||0px||false|false\u00bb custom_padding=\u00bb0px||0px||false|false\u00bb text_font_size_tablet=\u00bb\u00bb text_font_size_phone=\u00bb\u00bb text_font_size_last_edited=\u00bbon|desktop\u00bb header_font_size_tablet=\u00bb44px\u00bb header_font_size_phone=\u00bb32px\u00bb header_font_size_last_edited=\u00bbon|phone\u00bb global_colors_info=\u00bb{}\u00bb]<\/p>\n<h1><span>Pastillas para la p\u00e9rdida de peso <span style=\"color: #332fd0;\">Qsymia<\/span>.<\/span><\/h1>\n<p>[\/et_pb_text][et_pb_text _builder_version=\u00bb4.24.2&#8243; _module_preset=\u00bbfb3d65bf-a8b3-4897-95f4-4b2325e4d896&#8243; text_font=\u00bb||||||||\u00bb text_text_color=\u00bb#332FD0&#8243; text_font_size=\u00bb19px\u00bb text_line_height=\u00bb1.8em\u00bb link_text_color=\u00bb#003E51&#8243; text_font_size_tablet=\u00bb\u00bb text_font_size_phone=\u00bb\u00bb text_font_size_last_edited=\u00bbon|desktop\u00bb global_colors_info=\u00bb{}\u00bb]<\/p>\n<p><span style=\"color: #052f3f;\"><strong>Las pastillas para la p\u00e9rdida de peso Qsymia,<\/strong> tomadas una vez al d\u00eda, pueden ayudarte a manejar los impulsos con los que luchas a lo largo del d\u00eda.<\/span><\/p>\n<p>[\/et_pb_text][\/et_pb_column][et_pb_column type=\u00bb1_2&#8243; _builder_version=\u00bb4.16&#8243; _module_preset=\u00bbdefault\u00bb global_colors_info=\u00bb{}\u00bb][et_pb_image src=\u00bbhttps:\/\/waylessweightloss.com\/wp-content\/uploads\/sites\/3\/2023\/11\/Qsymia-weight-loss-Medication.png\u00bb alt=\u00bbQsymia weight loss Medication\u00bb title_text=\u00bbQsymia weight loss Medication\u00bb _builder_version=\u00bb4.23.1&#8243; _module_preset=\u00bbdefault\u00bb custom_margin=\u00bb60px||||false|false\u00bb global_colors_info=\u00bb{}\u00bb][\/et_pb_image][\/et_pb_column][\/et_pb_row][\/et_pb_section][et_pb_section fb_built=\u00bb1&#8243; admin_label=\u00bbServices\u00bb _builder_version=\u00bb4.23.1&#8243; _module_preset=\u00bbdefault\u00bb background_color=\u00bbRGBA(255,255,255,0)\u00bb custom_padding=\u00bb||0px|||\u00bb global_colors_info=\u00bb{}\u00bb][et_pb_row _builder_version=\u00bb4.23.1&#8243; _module_preset=\u00bbdefault\u00bb custom_padding=\u00bb13px|||||\u00bb global_colors_info=\u00bb{}\u00bb][et_pb_column type=\u00bb4_4&#8243; _builder_version=\u00bb4.23.1&#8243; _module_preset=\u00bbdefault\u00bb global_colors_info=\u00bb{}\u00bb][et_pb_text admin_label=\u00bbText\u00bb _builder_version=\u00bb4.24.2&#8243; _module_preset=\u00bbdefault\u00bb header_2_font=\u00bbRozha One R||||||||\u00bb header_2_text_align=\u00bbcenter\u00bb header_2_font_size=\u00bb43px\u00bb global_colors_info=\u00bb{}\u00bb]<\/p>\n<h2><span>Las pastillas para la p\u00e9rdida de peso Qsymia podr\u00edan ser una excelente y asequible opci\u00f3n para el mantenimiento a largo plazo de la p\u00e9rdida de peso despu\u00e9s de utilizar GLP-1.<\/span><\/h2>\n<p>[\/et_pb_text][\/et_pb_column][\/et_pb_row][\/et_pb_section][et_pb_section fb_built=\u00bb1&#8243; admin_label=\u00bbFeature\u00bb _builder_version=\u00bb4.23.1&#8243; _module_preset=\u00bbdefault\u00bb background_color=\u00bb#EBF1FC\u00bb use_background_color_gradient=\u00bbon\u00bb background_color_gradient_direction=\u00bb90deg\u00bb background_color_gradient_stops=\u00bbrgba(0,0,0,0.08) 30%|rgba(0,0,0,0) 30%\u00bb background_color_gradient_start=\u00bbrgba(0,0,0,0.08)\u00bb background_color_gradient_start_position=\u00bb30%\u00bb background_color_gradient_end=\u00bbrgba(0,0,0,0)\u00bb background_color_gradient_end_position=\u00bb30%\u00bb custom_padding=\u00bb8vw||||false|false\u00bb top_divider_style=\u00bbarrow2&#8243; top_divider_color=\u00bb#FFFFFF\u00bb top_divider_height=\u00bb90px\u00bb locked=\u00bboff\u00bb global_colors_info=\u00bb{}\u00bb][et_pb_row column_structure=\u00bb1_2,1_2&#8243; _builder_version=\u00bb4.23.1&#8243; _module_preset=\u00bbdefault\u00bb custom_padding=\u00bb||20px||false|false\u00bb locked=\u00bboff\u00bb global_colors_info=\u00bb{}\u00bb][et_pb_column type=\u00bb1_2&#8243; _builder_version=\u00bb4.16&#8243; _module_preset=\u00bbdefault\u00bb global_colors_info=\u00bb{}\u00bb][et_pb_image src=\u00bbhttps:\/\/waylessweightloss.com\/wp-content\/uploads\/sites\/3\/2023\/11\/Phentermine-weight-loss-Medication-2.png\u00bb alt=\u00bbPhentermine weight loss Medication Pills\u00bb title_text=\u00bbPhentermine weight loss Medication Pills\u00bb show_bottom_space=\u00bboff\u00bb align=\u00bbcenter\u00bb align_tablet=\u00bbcenter\u00bb align_last_edited=\u00bboff|desktop\u00bb _builder_version=\u00bb4.23.1&#8243; _module_preset=\u00bbdefault\u00bb positioning=\u00bbrelative\u00bb position_origin_a=\u00bbbottom_right\u00bb width=\u00bb100%\u00bb width_tablet=\u00bb45%\u00bb width_phone=\u00bb70%\u00bb width_last_edited=\u00bboff|desktop\u00bb custom_margin=\u00bb0px||||false|false\u00bb custom_margin_phone=\u00bb-120px|||80px|false|false\u00bb custom_margin_last_edited=\u00bboff|desktop\u00bb scroll_vertical_motion=\u00bb0|50|50|100|1|0|-1&#8243; border_radii=\u00bboff||||\u00bb global_colors_info=\u00bb{}\u00bb][\/et_pb_image][\/et_pb_column][et_pb_column type=\u00bb1_2&#8243; _builder_version=\u00bb4.16&#8243; _module_preset=\u00bbdefault\u00bb global_colors_info=\u00bb{}\u00bb][et_pb_text _builder_version=\u00bb4.24.2&#8243; _module_preset=\u00bbfb3d65bf-a8b3-4897-95f4-4b2325e4d896&#8243; text_text_color=\u00bb#002E3F\u00bb text_line_height=\u00bb1.8em\u00bb link_text_color=\u00bb#003E51&#8243; header_3_font_size=\u00bb30px\u00bb text_font_size_tablet=\u00bb15px\u00bb text_font_size_phone=\u00bb14px\u00bb text_font_size_last_edited=\u00bbon|phone\u00bb global_colors_info=\u00bb{}\u00bb]<\/p>\n<p><span>Descubre los beneficios de Qsymia, la p\u00edldora de topiramato-fentermina de liberaci\u00f3n sostenida una vez al d\u00eda. Qsymia y la combinaci\u00f3n de fentermina y topiramato se encuentran entre los medicamentos no inyectables m\u00e1s efectivos, ocupando el segundo lugar solo despu\u00e9s de las inyecciones de GLP-1 como Ozempic, Wegovy, Semaglutida, Mounjaro y Tirzepatida. La fentermina y el topiramato ayudan a controlar los antojos, suprimir el hambre y te asisten en el manejo de impulsos relacionados con ciertos alimentos.<\/span><\/p>\n<p>[\/et_pb_text][et_pb_text _builder_version=\u00bb4.24.2&#8243; _module_preset=\u00bbdefault\u00bb header_3_font_size=\u00bb25px\u00bb custom_margin=\u00bb||30px||false|false\u00bb custom_padding=\u00bb||30px||false|false\u00bb global_colors_info=\u00bb{}\u00bb]<\/p>\n<h3>\u00bfCu\u00e1ndo deber\u00eda evitar las pastillas para perder peso de Qysmia?<\/h3>\n<p>Si planeas quedar embarazada o tienes preocupaciones sobre un posible embarazo.<\/p>\n<p>[\/et_pb_text][\/et_pb_column][\/et_pb_row][\/et_pb_section][et_pb_section fb_built=\u00bb1&#8243; admin_label=\u00bbstats\u00bb _builder_version=\u00bb4.16&#8243; _module_preset=\u00bbdefault\u00bb custom_padding=\u00bb5vw||||false|false\u00bb global_colors_info=\u00bb{}\u00bb][et_pb_row custom_padding_last_edited=\u00bboff|desktop\u00bb _builder_version=\u00bb4.23.1&#8243; _module_preset=\u00bbdefault\u00bb background_color=\u00bb#F7EBFF\u00bb custom_padding_tablet=\u00bb120px||120px|60px|true|false\u00bb custom_padding_phone=\u00bb150px|30px|150px|30px|true|true\u00bb global_colors_info=\u00bb{}\u00bb][et_pb_column type=\u00bb4_4&#8243; _builder_version=\u00bb4.16&#8243; _module_preset=\u00bbdefault\u00bb custom_padding=\u00bb80px|50px|80px|50px|true|false\u00bb custom_padding_tablet=\u00bb120px||120px|60px|true|false\u00bb custom_padding_phone=\u00bb150px|30px|150px|30px|true|true\u00bb custom_padding_last_edited=\u00bbon|tablet\u00bb global_colors_info=\u00bb{}\u00bb][et_pb_image src=\u00bbhttps:\/\/waylessweightloss.com\/wp-content\/uploads\/sites\/3\/2023\/09\/telehealth-33.png\u00bb title_text=\u00bbtelehealth-33&#8243; show_bottom_space=\u00bboff\u00bb align=\u00bbright\u00bb _builder_version=\u00bb4.16&#8243; _module_preset=\u00bbdefault\u00bb positioning=\u00bbabsolute\u00bb position_origin_a=\u00bbtop_right\u00bb vertical_offset=\u00bb-8%\u00bb horizontal_offset=\u00bb-6%\u00bb width=\u00bb17%\u00bb custom_margin=\u00bb||||false|false\u00bb global_colors_info=\u00bb{}\u00bb][\/et_pb_image][et_pb_text _builder_version=\u00bb4.24.2&#8243; _module_preset=\u00bb1da4c4f2-8e53-4788-a9f5-4d073216150a\u00bb header_2_font=\u00bb||||||||\u00bb header_2_text_color=\u00bb#003e51&#8243; header_2_font_size=\u00bb30px\u00bb header_2_line_height=\u00bb1.1em\u00bb text_orientation=\u00bbcenter\u00bb max_width=\u00bb1080px\u00bb module_alignment=\u00bbcenter\u00bb header_2_font_size_tablet=\u00bb34px\u00bb header_2_font_size_phone=\u00bb24px\u00bb header_2_font_size_last_edited=\u00bbon|phone\u00bb locked=\u00bboff\u00bb global_colors_info=\u00bb{}\u00bb]<\/p>\n<h2><span>Estudios han demostrado que las pastillas para perder peso Qsymia ayudaron a los pacientes a perder el 10% de su peso (m\u00e1s de 20 libras para una persona con un peso promedio de 200 libras).<\/span><\/h2>\n<p>[\/et_pb_text][et_pb_image src=\u00bbhttps:\/\/waylessweightloss.com\/wp-content\/uploads\/sites\/3\/2023\/09\/telehealth-34.png\u00bb title_text=\u00bbtelehealth-34&#8243; _builder_version=\u00bb4.16&#8243; _module_preset=\u00bbdefault\u00bb positioning=\u00bbabsolute\u00bb position_origin_a=\u00bbbottom_left\u00bb vertical_offset=\u00bb-8%\u00bb horizontal_offset=\u00bb-4%\u00bb width=\u00bb17%\u00bb custom_margin=\u00bb||||false|false\u00bb global_colors_info=\u00bb{}\u00bb][\/et_pb_image][\/et_pb_column][\/et_pb_row][\/et_pb_section]<\/p>\n","protected":false},"excerpt":{"rendered":"<p>Pastillas para la p\u00e9rdida de peso Qsymia.Las pastillas para la p\u00e9rdida de peso Qsymia, tomadas una vez al d\u00eda, pueden ayudarte a manejar los impulsos con los que luchas a lo largo del d\u00eda.Las pastillas para la p\u00e9rdida de peso Qsymia podr\u00edan ser una excelente y asequible opci\u00f3n para el mantenimiento a largo plazo de la p\u00e9rdida de peso despu\u00e9s de utilizar GLP-1.Descubre los beneficios de Qsymia, la p\u00edldora de topiramato-fentermina de liberaci\u00f3n sostenida una vez al d\u00eda. Qsymia y la combinaci\u00f3n de fentermina y topiramato se encuentran entre los medicamentos no inyectables m\u00e1s efectivos, ocupando el segundo lugar solo despu\u00e9s de las inyecciones de GLP-1 como Ozempic, Wegovy, Semaglutida, Mounjaro y Tirzepatida. La fentermina y el topiramato ayudan a controlar los antojos, suprimir el hambre y te asisten en el manejo de impulsos relacionados con ciertos alimentos.\u00bfCu\u00e1ndo deber\u00eda evitar las pastillas para perder peso de Qysmia? Si planeas quedar embarazada o tienes preocupaciones sobre un posible embarazo.Estudios han demostrado que las pastillas para perder peso Qsymia ayudaron a los pacientes a perder el 10% de su peso (m\u00e1s de 20 libras para una persona con un peso promedio de 200 libras).<\/p>\n","protected":false},"author":1,"featured_media":0,"parent":0,"menu_order":0,"comment_status":"closed","ping_status":"closed","template":"","meta":{"_et_pb_use_builder":"on","_et_pb_old_content":"","_et_gb_content_width":"","_trash_the_other_posts":false,"editor_notices":[],"footnotes":""},"class_list":["post-455","page","type-page","status-publish","hentry"],"_links":{"self":[{"href":"https:\/\/waylessweightloss.com\/es\/wp-json\/wp\/v2\/pages\/455","targetHints":{"allow":["GET"]}}],"collection":[{"href":"https:\/\/waylessweightloss.com\/es\/wp-json\/wp\/v2\/pages"}],"about":[{"href":"https:\/\/waylessweightloss.com\/es\/wp-json\/wp\/v2\/types\/page"}],"author":[{"embeddable":true,"href":"https:\/\/waylessweightloss.com\/es\/wp-json\/wp\/v2\/users\/1"}],"replies":[{"embeddable":true,"href":"https:\/\/waylessweightloss.com\/es\/wp-json\/wp\/v2\/comments?post=455"}],"version-history":[{"count":3,"href":"https:\/\/waylessweightloss.com\/es\/wp-json\/wp\/v2\/pages\/455\/revisions"}],"predecessor-version":[{"id":356585,"href":"https:\/\/waylessweightloss.com\/es\/wp-json\/wp\/v2\/pages\/455\/revisions\/356585"}],"wp:attachment":[{"href":"https:\/\/waylessweightloss.com\/es\/wp-json\/wp\/v2\/media?parent=455"}],"curies":[{"name":"wp","href":"https:\/\/api.w.org\/{rel}","templated":true}]}}