{"id":456,"date":"2023-11-09T11:16:44","date_gmt":"2023-11-09T17:16:44","guid":{"rendered":"https:\/\/waylessweightloss.com\/?page_id=456"},"modified":"2024-03-02T23:45:10","modified_gmt":"2024-03-03T05:45:10","slug":"perdida-de-peso-con-contrave","status":"publish","type":"page","link":"https:\/\/waylessweightloss.com\/es\/perdida-de-peso-con-contrave\/","title":{"rendered":"Medicamento Contrave para la P\u00e9rdida de Peso"},"content":{"rendered":"<p>[et_pb_section fb_built=\u00bb1&#8243; admin_label=\u00bbHeader\u00bb _builder_version=\u00bb4.23.1&#8243; _module_preset=\u00bbdefault\u00bb background_color=\u00bb#eff4fd\u00bb custom_padding=\u00bb4px|||||\u00bb bottom_divider_style=\u00bbarrow2&#8243; bottom_divider_color=\u00bb#FFFFFF\u00bb locked=\u00bboff\u00bb global_colors_info=\u00bb{}\u00bb][et_pb_row column_structure=\u00bb1_2,1_2&#8243; _builder_version=\u00bb4.23.1&#8243; _module_preset=\u00bbdefault\u00bb custom_margin=\u00bb0px||0px||false|false\u00bb custom_margin_tablet=\u00bb||0px||false|false\u00bb custom_margin_phone=\u00bb\u00bb custom_margin_last_edited=\u00bbon|phone\u00bb custom_padding=\u00bb0px||0px||false|false\u00bb locked=\u00bboff\u00bb global_colors_info=\u00bb{}\u00bb][et_pb_column type=\u00bb1_2&#8243; _builder_version=\u00bb4.16&#8243; _module_preset=\u00bbdefault\u00bb custom_padding=\u00bb6%||||false|false\u00bb global_colors_info=\u00bb{}\u00bb][et_pb_text _builder_version=\u00bb4.24.2&#8243; _module_preset=\u00bbdefault\u00bb header_font=\u00bbRozha One R||||||||\u00bb header_text_color=\u00bb#003E51&#8243; header_font_size=\u00bb65px\u00bb header_line_height=\u00bb1.1em\u00bb header_2_font=\u00bbRoboto|700||on|||||\u00bb header_2_text_color=\u00bbrgba(44,44,44,0.5)\u00bb header_2_font_size=\u00bb12px\u00bb header_2_letter_spacing=\u00bb1px\u00bb header_2_line_height=\u00bb1.3em\u00bb custom_margin=\u00bb0px||0px||false|false\u00bb custom_padding=\u00bb0px||0px||false|false\u00bb text_font_size_tablet=\u00bb\u00bb text_font_size_phone=\u00bb\u00bb text_font_size_last_edited=\u00bbon|desktop\u00bb header_font_size_tablet=\u00bb44px\u00bb header_font_size_phone=\u00bb32px\u00bb header_font_size_last_edited=\u00bbon|phone\u00bb global_colors_info=\u00bb{}\u00bb]<\/p>\n<h1><span>Medicamento para la p\u00e9rdida de peso <span style=\"color: #332fd0;\">Contrave<\/span>.<\/span><\/h1>\n<p>[\/et_pb_text][et_pb_text _builder_version=\u00bb4.24.2&#8243; _module_preset=\u00bbfb3d65bf-a8b3-4897-95f4-4b2325e4d896&#8243; text_font=\u00bb||||||||\u00bb text_text_color=\u00bb#052F3F\u00bb text_font_size=\u00bb19px\u00bb text_line_height=\u00bb1.8em\u00bb link_text_color=\u00bb#003E51&#8243; text_font_size_tablet=\u00bb\u00bb text_font_size_phone=\u00bb\u00bb text_font_size_last_edited=\u00bbon|desktop\u00bb global_colors_info=\u00bb{}\u00bb]<\/p>\n<p><span>Experimenta la efectividad del medicamento para la p\u00e9rdida de peso Contrave, una excelente elecci\u00f3n para aquellos que buscan perder peso y dejar de fumar.<\/span><\/p>\n<p>[\/et_pb_text][\/et_pb_column][et_pb_column type=\u00bb1_2&#8243; _builder_version=\u00bb4.16&#8243; _module_preset=\u00bbdefault\u00bb global_colors_info=\u00bb{}\u00bb][et_pb_image src=\u00bbhttps:\/\/waylessweightloss.com\/wp-content\/uploads\/sites\/3\/2023\/11\/Contrave-weight-loss-Medication.png\u00bb alt=\u00bbContrave weight loss Medication\u00bb title_text=\u00bbContrave weight loss Medication\u00bb _builder_version=\u00bb4.23.1&#8243; _module_preset=\u00bbdefault\u00bb custom_margin=\u00bb60px||||false|false\u00bb global_colors_info=\u00bb{}\u00bb][\/et_pb_image][\/et_pb_column][\/et_pb_row][\/et_pb_section][et_pb_section fb_built=\u00bb1&#8243; admin_label=\u00bbServices\u00bb _builder_version=\u00bb4.23.1&#8243; _module_preset=\u00bbdefault\u00bb background_color=\u00bbRGBA(255,255,255,0)\u00bb custom_padding=\u00bb||10px|||\u00bb global_colors_info=\u00bb{}\u00bb][et_pb_row _builder_version=\u00bb4.23.1&#8243; _module_preset=\u00bbdefault\u00bb global_colors_info=\u00bb{}\u00bb][et_pb_column type=\u00bb4_4&#8243; _builder_version=\u00bb4.23.1&#8243; _module_preset=\u00bbdefault\u00bb global_colors_info=\u00bb{}\u00bb][et_pb_text admin_label=\u00bbText\u00bb _builder_version=\u00bb4.24.2&#8243; _module_preset=\u00bbdefault\u00bb header_2_font=\u00bb||||||||\u00bb header_2_text_align=\u00bbcenter\u00bb header_2_font_size=\u00bb40px\u00bb global_colors_info=\u00bb{}\u00bb]<\/p>\n<h2><span>El medicamento para la p\u00e9rdida de peso <span style=\"color: #332fd0;\">Contrave<\/span> se destaca como una <span style=\"color: #332fd0;\">soluci\u00f3n poderosa<\/span>, especialmente efectiva para abordar la <span style=\"color: #ff7753;\">alimentaci\u00f3n emocional<\/span> y antojos espec\u00edficos de alimentos.<\/span><\/h2>\n<p>[\/et_pb_text][\/et_pb_column][\/et_pb_row][\/et_pb_section][et_pb_section fb_built=\u00bb1&#8243; admin_label=\u00bbFeature\u00bb _builder_version=\u00bb4.23.1&#8243; _module_preset=\u00bbdefault\u00bb background_color=\u00bb#EBF1FC\u00bb use_background_color_gradient=\u00bbon\u00bb background_color_gradient_direction=\u00bb90deg\u00bb background_color_gradient_stops=\u00bbrgba(0,0,0,0.08) 30%|rgba(0,0,0,0) 30%\u00bb background_color_gradient_start=\u00bbrgba(0,0,0,0.08)\u00bb background_color_gradient_start_position=\u00bb30%\u00bb background_color_gradient_end=\u00bbrgba(0,0,0,0)\u00bb background_color_gradient_end_position=\u00bb30%\u00bb custom_padding=\u00bb8vw||||false|false\u00bb top_divider_style=\u00bbarrow2&#8243; top_divider_color=\u00bb#FFFFFF\u00bb top_divider_height=\u00bb90px\u00bb locked=\u00bboff\u00bb global_colors_info=\u00bb{}\u00bb][et_pb_row column_structure=\u00bb1_2,1_2&#8243; _builder_version=\u00bb4.23.1&#8243; _module_preset=\u00bbdefault\u00bb custom_padding=\u00bb||20px||false|false\u00bb locked=\u00bboff\u00bb global_colors_info=\u00bb{}\u00bb][et_pb_column type=\u00bb1_2&#8243; _builder_version=\u00bb4.16&#8243; _module_preset=\u00bbdefault\u00bb global_colors_info=\u00bb{}\u00bb][et_pb_image src=\u00bbhttps:\/\/waylessweightloss.com\/wp-content\/uploads\/sites\/3\/2023\/11\/Phentermine-weight-loss-Medication-2.png\u00bb alt=\u00bbPhentermine weight loss Medication Pills\u00bb title_text=\u00bbPhentermine weight loss Medication Pills\u00bb show_bottom_space=\u00bboff\u00bb align=\u00bbcenter\u00bb align_tablet=\u00bbcenter\u00bb align_last_edited=\u00bboff|desktop\u00bb _builder_version=\u00bb4.23.1&#8243; _module_preset=\u00bbdefault\u00bb positioning=\u00bbrelative\u00bb position_origin_a=\u00bbbottom_right\u00bb width=\u00bb100%\u00bb width_tablet=\u00bb45%\u00bb width_phone=\u00bb70%\u00bb width_last_edited=\u00bboff|desktop\u00bb custom_margin=\u00bb0px||||false|false\u00bb custom_margin_phone=\u00bb-120px|||80px|false|false\u00bb custom_margin_last_edited=\u00bboff|desktop\u00bb scroll_vertical_motion=\u00bb0|50|50|100|1|0|-1&#8243; border_radii=\u00bboff||||\u00bb global_colors_info=\u00bb{}\u00bb][\/et_pb_image][et_pb_image src=\u00bbhttps:\/\/waylessweightloss.com\/wp-content\/uploads\/sites\/3\/2023\/11\/medications-can-cause-obesity-2.png\u00bb alt=\u00bbmedications can cause obesity\u00bb title_text=\u00bbmedications-can-cause-obesity-2&#8243; show_bottom_space=\u00bboff\u00bb align=\u00bbcenter\u00bb align_tablet=\u00bbcenter\u00bb align_last_edited=\u00bboff|desktop\u00bb _builder_version=\u00bb4.23.1&#8243; _module_preset=\u00bbdefault\u00bb positioning=\u00bbrelative\u00bb position_origin_a=\u00bbbottom_right\u00bb width=\u00bb100%\u00bb width_tablet=\u00bb45%\u00bb width_phone=\u00bb70%\u00bb width_last_edited=\u00bboff|desktop\u00bb custom_margin=\u00bb37px||||false|false\u00bb custom_margin_phone=\u00bb-120px|||80px|false|false\u00bb custom_margin_last_edited=\u00bboff|desktop\u00bb scroll_vertical_motion=\u00bb0|50|50|100|1|0|-1&#8243; border_radii=\u00bboff||||\u00bb global_colors_info=\u00bb{}\u00bb][\/et_pb_image][\/et_pb_column][et_pb_column type=\u00bb1_2&#8243; _builder_version=\u00bb4.16&#8243; _module_preset=\u00bbdefault\u00bb global_colors_info=\u00bb{}\u00bb][et_pb_text _builder_version=\u00bb4.24.2&#8243; _module_preset=\u00bbfb3d65bf-a8b3-4897-95f4-4b2325e4d896&#8243; text_text_color=\u00bb#002E3F\u00bb text_line_height=\u00bb1.8em\u00bb link_text_color=\u00bb#003E51&#8243; header_3_font_size=\u00bb30px\u00bb text_font_size_tablet=\u00bb15px\u00bb text_font_size_phone=\u00bb14px\u00bb text_font_size_last_edited=\u00bbon|phone\u00bb global_colors_info=\u00bb{}\u00bb]<\/p>\n<p><span>Experimenta el poder de Contrave: Contrave es una combinaci\u00f3n de dos medicamentos bien establecidos, Wellbutrin y Naltrexona, que se han utilizado durante mucho tiempo para diversas indicaciones. Contrave te ayuda a tomar el control sobre los antojos y la alimentaci\u00f3n emocional. Naltrexona y Wellbutrin pueden ser una excelente opci\u00f3n si est\u00e1s intentando perder peso y dejar de fumar, ya que ayuda en el cese del tabaquismo. Contrave es un medicamento de dos veces al d\u00eda aprobado por la FDA para el manejo cr\u00f3nico del peso.<\/span><\/p>\n<p>[\/et_pb_text][et_pb_text _builder_version=\u00bb4.24.2&#8243; _module_preset=\u00bbdefault\u00bb text_text_color=\u00bb#002E3F\u00bb text_line_height=\u00bb1.8em\u00bb link_text_color=\u00bb#003E51&#8243; header_3_font_size=\u00bb30px\u00bb header_3_line_height=\u00bb1.5em\u00bb custom_margin=\u00bb||30px||false|false\u00bb custom_padding=\u00bb||30px||false|false\u00bb text_font_size_tablet=\u00bb15px\u00bb text_font_size_phone=\u00bb14px\u00bb text_font_size_last_edited=\u00bbon|phone\u00bb global_colors_info=\u00bb{}\u00bb]<\/p>\n<h3>\u00bfCu\u00e1l es la diferencia entre Contrave, Naltrexona y Wellbutrin?<\/h3>\n<p>Contrave es la combinaci\u00f3n de Naltrexona y Wellbutrin, dos medicamentos bien establecidos que se han utilizado para diferentes condiciones durante a\u00f1os. Contrave es otra opci\u00f3n para ayudar a inducir y mantener la p\u00e9rdida de peso.<\/p>\n<h3>\u00bfPuedo tomar Wellbutrin y Naltrexona en dos p\u00edldoras diferentes?<\/h3>\n<p>S\u00ed, eso se llama uso fuera de etiqueta y puede usarse como alternativa al nombre de la marca por razones de costo y otras consideraciones.<\/p>\n<h3>\u00bfCu\u00e1ndo debo suspender Contrave?<\/h3>\n<p>Contrave debe suspenderse temporalmente durante tres d\u00edas antes de cualquier procedimiento de anestesia. Adem\u00e1s, no se recomienda tomarlo.<\/p>\n<p>[\/et_pb_text][\/et_pb_column][\/et_pb_row][\/et_pb_section][et_pb_section fb_built=\u00bb1&#8243; admin_label=\u00bbstats\u00bb _builder_version=\u00bb4.16&#8243; _module_preset=\u00bbdefault\u00bb custom_padding=\u00bb5vw||||false|false\u00bb global_colors_info=\u00bb{}\u00bb][et_pb_row custom_padding_last_edited=\u00bboff|desktop\u00bb _builder_version=\u00bb4.23.1&#8243; _module_preset=\u00bbdefault\u00bb background_color=\u00bb#F7EBFF\u00bb custom_padding_tablet=\u00bb120px||120px|60px|true|false\u00bb custom_padding_phone=\u00bb150px|30px|150px|30px|true|true\u00bb global_colors_info=\u00bb{}\u00bb][et_pb_column type=\u00bb4_4&#8243; _builder_version=\u00bb4.16&#8243; _module_preset=\u00bbdefault\u00bb custom_padding=\u00bb80px|50px|80px|50px|true|false\u00bb custom_padding_tablet=\u00bb120px||120px|60px|true|false\u00bb custom_padding_phone=\u00bb150px|30px|150px|30px|true|true\u00bb custom_padding_last_edited=\u00bbon|tablet\u00bb global_colors_info=\u00bb{}\u00bb][et_pb_image src=\u00bbhttps:\/\/waylessweightloss.com\/wp-content\/uploads\/sites\/3\/2023\/09\/telehealth-33.png\u00bb title_text=\u00bbtelehealth-33&#8243; show_bottom_space=\u00bboff\u00bb align=\u00bbright\u00bb _builder_version=\u00bb4.16&#8243; _module_preset=\u00bbdefault\u00bb positioning=\u00bbabsolute\u00bb position_origin_a=\u00bbtop_right\u00bb vertical_offset=\u00bb-8%\u00bb horizontal_offset=\u00bb-6%\u00bb width=\u00bb17%\u00bb custom_margin=\u00bb||||false|false\u00bb global_colors_info=\u00bb{}\u00bb][\/et_pb_image][et_pb_text _builder_version=\u00bb4.24.2&#8243; _module_preset=\u00bb1da4c4f2-8e53-4788-a9f5-4d073216150a\u00bb header_2_font=\u00bb||||||||\u00bb header_2_text_color=\u00bb#003e51&#8243; header_2_font_size=\u00bb30px\u00bb header_2_line_height=\u00bb1.1em\u00bb text_orientation=\u00bbcenter\u00bb max_width=\u00bb1080px\u00bb module_alignment=\u00bbcenter\u00bb header_2_font_size_tablet=\u00bb34px\u00bb header_2_font_size_phone=\u00bb24px\u00bb header_2_font_size_last_edited=\u00bbon|phone\u00bb locked=\u00bboff\u00bb global_colors_info=\u00bb{}\u00bb]<\/p>\n<h2><span>Estudios han demostrado que el medicamento para la p\u00e9rdida de peso Contrave ayud\u00f3 a los pacientes a perder el 7% de su peso (14 lb en promedio para una persona de 200 lb).<\/span><\/h2>\n<p>[\/et_pb_text][et_pb_image src=\u00bbhttps:\/\/waylessweightloss.com\/wp-content\/uploads\/sites\/3\/2023\/09\/telehealth-34.png\u00bb title_text=\u00bbtelehealth-34&#8243; _builder_version=\u00bb4.16&#8243; _module_preset=\u00bbdefault\u00bb positioning=\u00bbabsolute\u00bb position_origin_a=\u00bbbottom_left\u00bb vertical_offset=\u00bb-8%\u00bb horizontal_offset=\u00bb-4%\u00bb width=\u00bb17%\u00bb custom_margin=\u00bb||||false|false\u00bb global_colors_info=\u00bb{}\u00bb][\/et_pb_image][\/et_pb_column][\/et_pb_row][\/et_pb_section][et_pb_section fb_built=\u00bb1&#8243; _builder_version=\u00bb4.23.1&#8243; _module_preset=\u00bbdefault\u00bb global_colors_info=\u00bb{}\u00bb][et_pb_row _builder_version=\u00bb4.23.1&#8243; _module_preset=\u00bbdefault\u00bb global_colors_info=\u00bb{}\u00bb][et_pb_column type=\u00bb4_4&#8243; _builder_version=\u00bb4.23.1&#8243; _module_preset=\u00bbdefault\u00bb global_colors_info=\u00bb{}\u00bb][dsm_faq dsm_make_accordion_toggle=\u00bbon\u00bb dsm_enable_schema_markup=\u00bbon\u00bb dsm_open_bg_color=\u00bbrgba(200,190,251,0.29)\u00bb dsm_close_bg_color=\u00bb#EBF1FC\u00bb dsm_open_font_icon=\u00bb&#xf068;||fa||900&#8243; dsm_close_font_icon=\u00bb&#xf067;||fa||900&#8243; dsm_open_icon_bg_color=\u00bbRGBA(255,255,255,0)\u00bb dsm_open_icon_color=\u00bb#332FD0&#8243; dsm_close_icon_color=\u00bb#332FD0&#8243; dsm_animate_icon=\u00bbon\u00bb dsm_icon_placement=\u00bbright\u00bb _builder_version=\u00bb4.24.2&#8243; _module_preset=\u00bbdefault\u00bb header_level=\u00bbh3&#8243; header_text_color=\u00bb#332FD0&#8243; header_font_size=\u00bb22px\u00bb header_line_height=\u00bb1.4em\u00bb closed_header_text_color=\u00bb#052F3F\u00bb global_colors_info=\u00bb{}\u00bb][dsm_faq_child dsm_title=\u00bb\u00bfEs Contrave un medicamento para perder peso?\u00bb dsm_content=\u00bb<\/p>\n<p>S\u00ed, Contrave (Naltrexona Bupropi\u00f3n) es un medicamento recetado para la p\u00e9rdida de peso.<\/p>\n<p>\u00bb _builder_version=\u00bb4.24.2&#8243; _module_preset=\u00bbdefault\u00bb global_colors_info=\u00bb{}\u00bb][\/dsm_faq_child][dsm_faq_child dsm_title=\u00bb\u00bfCu\u00e1nto tiempo puedo usar Contrave para perder peso?\u00bb dsm_content=\u00bb<\/p>\n<p><span>La FDA ha aprobado Contrave para la p\u00e9rdida de peso a largo plazo.<\/span><\/p>\n<p>\u00bb _builder_version=\u00bb4.24.2&#8243; _module_preset=\u00bbdefault\u00bb global_colors_info=\u00bb{}\u00bb][\/dsm_faq_child][dsm_faq_child dsm_title=\u00bb\u00bfCu\u00e1nto se puede perder de peso con Contrave?\u00bb dsm_content=\u00bb<\/p>\n<p><span>Para una persona que pesa 200 lbs, la p\u00e9rdida de peso estimada es de 14 lbs.<\/span><\/p>\n<p>\u00bb _builder_version=\u00bb4.24.2&#8243; _module_preset=\u00bbdefault\u00bb global_colors_info=\u00bb{}\u00bb][\/dsm_faq_child][dsm_faq_child dsm_title=\u00bb\u00bfCu\u00e1les son los efectos secundarios comunes de Contrave (Naltrexona-Bupropi\u00f3n)?\u00bb dsm_content=\u00bb<\/p>\n<p><span>N\u00e1useas, mareos, boca seca, estre\u00f1imiento o dolor de cabeza.<\/span><\/p>\n<p>\u00bb _builder_version=\u00bb4.24.2&#8243; _module_preset=\u00bbdefault\u00bb global_colors_info=\u00bb{}\u00bb][\/dsm_faq_child][\/dsm_faq][\/et_pb_column][\/et_pb_row][\/et_pb_section]<\/p>\n","protected":false},"excerpt":{"rendered":"<p>Medicamento para la p\u00e9rdida de peso Contrave.Experimenta la efectividad del medicamento para la p\u00e9rdida de peso Contrave, una excelente elecci\u00f3n para aquellos que buscan perder peso y dejar de fumar.El medicamento para la p\u00e9rdida de peso Contrave se destaca como una soluci\u00f3n poderosa, especialmente efectiva para abordar la alimentaci\u00f3n emocional y antojos espec\u00edficos de alimentos.Experimenta el poder de Contrave: Contrave es una combinaci\u00f3n de dos medicamentos bien establecidos, Wellbutrin y Naltrexona, que se han utilizado durante mucho tiempo para diversas indicaciones. Contrave te ayuda a tomar el control sobre los antojos y la alimentaci\u00f3n emocional. Naltrexona y Wellbutrin pueden ser una excelente opci\u00f3n si est\u00e1s intentando perder peso y dejar de fumar, ya que ayuda en el cese del tabaquismo. Contrave es un medicamento de dos veces al d\u00eda aprobado por la FDA para el manejo cr\u00f3nico del peso.\u00bfCu\u00e1l es la diferencia entre Contrave, Naltrexona y Wellbutrin? Contrave es la combinaci\u00f3n de Naltrexona y Wellbutrin, dos medicamentos bien establecidos que se han utilizado para diferentes condiciones durante a\u00f1os. Contrave es otra opci\u00f3n para ayudar a inducir y mantener la p\u00e9rdida de peso. \u00bfPuedo tomar Wellbutrin y Naltrexona en dos p\u00edldoras diferentes? S\u00ed, eso se llama uso fuera de etiqueta y [&hellip;]<\/p>\n","protected":false},"author":1,"featured_media":0,"parent":0,"menu_order":0,"comment_status":"closed","ping_status":"closed","template":"","meta":{"_et_pb_use_builder":"on","_et_pb_old_content":"","_et_gb_content_width":"","_trash_the_other_posts":false,"editor_notices":[],"footnotes":""},"class_list":["post-456","page","type-page","status-publish","hentry"],"_links":{"self":[{"href":"https:\/\/waylessweightloss.com\/es\/wp-json\/wp\/v2\/pages\/456","targetHints":{"allow":["GET"]}}],"collection":[{"href":"https:\/\/waylessweightloss.com\/es\/wp-json\/wp\/v2\/pages"}],"about":[{"href":"https:\/\/waylessweightloss.com\/es\/wp-json\/wp\/v2\/types\/page"}],"author":[{"embeddable":true,"href":"https:\/\/waylessweightloss.com\/es\/wp-json\/wp\/v2\/users\/1"}],"replies":[{"embeddable":true,"href":"https:\/\/waylessweightloss.com\/es\/wp-json\/wp\/v2\/comments?post=456"}],"version-history":[{"count":3,"href":"https:\/\/waylessweightloss.com\/es\/wp-json\/wp\/v2\/pages\/456\/revisions"}],"predecessor-version":[{"id":356573,"href":"https:\/\/waylessweightloss.com\/es\/wp-json\/wp\/v2\/pages\/456\/revisions\/356573"}],"wp:attachment":[{"href":"https:\/\/waylessweightloss.com\/es\/wp-json\/wp\/v2\/media?parent=456"}],"curies":[{"name":"wp","href":"https:\/\/api.w.org\/{rel}","templated":true}]}}